{"id":486,"date":"2025-05-28T14:57:55","date_gmt":"2025-05-28T14:57:55","guid":{"rendered":"https:\/\/kvo.at\/?page_id=486"},"modified":"2025-08-20T10:49:01","modified_gmt":"2025-08-20T10:49:01","slug":"tirol","status":"publish","type":"page","link":"https:\/\/kvo.at\/index.php\/mitglieder\/tirol\/","title":{"rendered":"Tirol"},"content":{"rendered":"\t\t<div data-elementor-type=\"wp-page\" data-elementor-id=\"486\" class=\"elementor elementor-486\">\n\t\t\t\t<div class=\"elementor-element elementor-element-6b932a7 e-flex e-con-boxed e-con e-parent\" data-id=\"6b932a7\" data-element_type=\"container\">\n\t\t\t\t\t<div class=\"e-con-inner\">\n\t\t\t\t<div class=\"elementor-element elementor-element-2af8ee3 elementor-widget elementor-widget-heading\" data-id=\"2af8ee3\" data-element_type=\"widget\" data-widget_type=\"heading.default\">\n\t\t\t\t<div class=\"elementor-widget-container\">\n\t\t\t\t\t<h2 class=\"elementor-heading-title elementor-size-default\">Tirol<\/h2>\t\t\t\t<\/div>\n\t\t\t\t<\/div>\n\t\t\t\t\t<\/div>\n\t\t\t\t<\/div>\n\t\t<div class=\"elementor-element elementor-element-c834735 e-flex e-con-boxed e-con e-parent\" data-id=\"c834735\" data-element_type=\"container\">\n\t\t\t\t\t<div class=\"e-con-inner\">\n\t\t\t\t<div class=\"elementor-element elementor-element-8d23096 elementor-widget__width-initial elementor-widget elementor-widget-text-editor\" data-id=\"8d23096\" data-element_type=\"widget\" data-widget_type=\"text-editor.default\">\n\t\t\t\t<div class=\"elementor-widget-container\">\n\t\t\t\t\t\t\t\t\t<p>Klavierbauer und Inhaber Roland Zifreind, ausgebildet bei Leopold Czerny in Innsbruck, machte sich 1989 mit einem einzigen Klavier selbstst\u00e4ndig. Seit \u00fcber 33 Jahren bietet <strong>Pianozifreind<\/strong> als freundliches Klavierhaus in Tirol umfassenden Service rund ums Klavier \u2013 von Wartung, Reparatur und Stimmen \u00fcber Klavierpflege und -transport bis hin zu individuellem Klavierunterricht.<\/p><p><strong data-start=\"56\" data-end=\"133\">Kamran Vahdat<\/strong> ist Klavierbaumeister mit Werkst\u00e4tte in Zirl bei Innsbruck<strong data-start=\"56\" data-end=\"133\">.<\/strong> Er bietet professionelle Stimmung, Reparatur und Restauration von Klavieren und Fl\u00fcgeln. Seine Kunden sch\u00e4tzen seine Pr\u00e4zision, Erfahrung und pers\u00f6nliche Betreuung \u2013 auch im Konzertbereich.<\/p><h6 class=\"sr-only\">ChatGPT:<\/h6><div class=\"text-base my-auto mx-auto py-5 [--thread-content-margin:--spacing(4)] @[37rem]:[--thread-content-margin:--spacing(6)] @[72rem]:[--thread-content-margin:--spacing(16)] px-(--thread-content-margin)\"><div class=\"[--thread-content-max-width:32rem] @[34rem]:[--thread-content-max-width:40rem] @[64rem]:[--thread-content-max-width:48rem] mx-auto flex max-w-(--thread-content-max-width) flex-1 text-base gap-4 md:gap-5 lg:gap-6 group\/turn-messages focus-visible:outline-hidden\" tabindex=\"-1\"><div class=\"group\/conversation-turn relative flex w-full min-w-0 flex-col agent-turn\"><div class=\"relative flex-col gap-1 md:gap-3\"><div class=\"flex max-w-full flex-col grow\"><div class=\"min-h-8 text-message relative flex w-full flex-col items-end gap-2 text-start break-words whitespace-normal [.text-message+&amp;]:mt-5\" dir=\"auto\" data-message-author-role=\"assistant\" data-message-id=\"65aeedc5-99e8-4832-9457-3473f2d63797\" data-message-model-slug=\"gpt-4o\"><div class=\"flex w-full flex-col gap-1 empty:hidden first:pt-[3px]\"><div class=\"markdown prose dark:prose-invert w-full break-words light\"><p data-start=\"0\" data-end=\"460\"><strong data-start=\"0\" data-end=\"97\">Rudolf Moser<\/strong> ist Klavierbaumeister und Inhaber von Piano Moser in Innsbruck. Er bietet umfassende Dienstleistungen rund ums Klavier \u2013 Verkauf hochwertiger Instrumente, Wartung, professionelle Stimmung, Reparatur und fachkundigen Transport. Sein Betrieb genie\u00dft einen hervorragenden Ruf f\u00fcr Qualit\u00e4t, Engagement und Zuverl\u00e4ssigkeit<\/p><\/div><\/div><\/div><\/div><\/div><\/div><\/div><\/div>\t\t\t\t\t\t\t\t<\/div>\n\t\t\t\t<\/div>\n\t\t\t\t\t<\/div>\n\t\t\t\t<\/div>\n\t\t<div class=\"elementor-element elementor-element-d975d88 e-flex e-con-boxed e-con e-parent\" data-id=\"d975d88\" data-element_type=\"container\">\n\t\t\t\t\t<div class=\"e-con-inner\">\n\t\t\t\t<div class=\"elementor-element elementor-element-d168198 elementor-widget-divider--view-line elementor-widget elementor-widget-divider\" data-id=\"d168198\" data-element_type=\"widget\" data-widget_type=\"divider.default\">\n\t\t\t\t<div class=\"elementor-widget-container\">\n\t\t\t\t\t\t\t<div class=\"elementor-divider\">\n\t\t\t<span class=\"elementor-divider-separator\">\n\t\t\t\t\t\t<\/span>\n\t\t<\/div>\n\t\t\t\t\t\t<\/div>\n\t\t\t\t<\/div>\n\t\t\t\t\t<\/div>\n\t\t\t\t<\/div>\n\t\t<div class=\"elementor-element elementor-element-c0c6efc e-flex e-con-boxed e-con e-parent\" data-id=\"c0c6efc\" data-element_type=\"container\">\n\t\t\t\t\t<div class=\"e-con-inner\">\n\t\t<div class=\"elementor-element elementor-element-0067a19 e-con-full e-flex e-con e-child\" data-id=\"0067a19\" data-element_type=\"container\">\n\t\t<div class=\"elementor-element elementor-element-9a1718d e-con-full e-flex e-con e-child\" data-id=\"9a1718d\" data-element_type=\"container\">\n\t\t\t\t<div class=\"elementor-element elementor-element-5d93fa6 elementor-widget elementor-widget-heading\" data-id=\"5d93fa6\" data-element_type=\"widget\" data-widget_type=\"heading.default\">\n\t\t\t\t<div class=\"elementor-widget-container\">\n\t\t\t\t\t<h3 class=\"elementor-heading-title elementor-size-default\">Pianozifreind<\/h3>\t\t\t\t<\/div>\n\t\t\t\t<\/div>\n\t\t\t\t<div class=\"elementor-element elementor-element-2228c9c elementor-widget elementor-widget-text-editor\" data-id=\"2228c9c\" data-element_type=\"widget\" data-widget_type=\"text-editor.default\">\n\t\t\t\t<div class=\"elementor-widget-container\">\n\t\t\t\t\t\t\t\t\t<p>Amraser Str. 56, 6020 Innsbruck<br \/><a href=\"mailto:klavierbetrieb.zifreind@aon.at\" target=\"_blank\" rel=\"noopener\">klavierbetrieb.zifreind@aon.at<\/a><br \/><a href=\"http:\/\/pianozifreind.at\" target=\"_blank\" rel=\"noopener\">pianozifreind.at<\/a><\/p>\t\t\t\t\t\t\t\t<\/div>\n\t\t\t\t<\/div>\n\t\t\t\t<\/div>\n\t\t\t\t<\/div>\n\t\t<div class=\"elementor-element elementor-element-d88ccc3 e-con-full e-flex e-con e-child\" data-id=\"d88ccc3\" data-element_type=\"container\">\n\t\t<div class=\"elementor-element elementor-element-0e494cd e-con-full e-flex e-con e-child\" data-id=\"0e494cd\" data-element_type=\"container\">\n\t\t\t\t<div class=\"elementor-element elementor-element-b376eff elementor-widget elementor-widget-heading\" data-id=\"b376eff\" data-element_type=\"widget\" data-widget_type=\"heading.default\">\n\t\t\t\t<div class=\"elementor-widget-container\">\n\t\t\t\t\t<h3 class=\"elementor-heading-title elementor-size-default\">Kamran Vahdat<\/h3>\t\t\t\t<\/div>\n\t\t\t\t<\/div>\n\t\t\t\t<div class=\"elementor-element elementor-element-b766f41 elementor-widget elementor-widget-text-editor\" data-id=\"b766f41\" data-element_type=\"widget\" data-widget_type=\"text-editor.default\">\n\t\t\t\t<div class=\"elementor-widget-container\">\n\t\t\t\t\t\t\t\t\t<p>besch\u00e4ftigt bei Klavierhaus Kamran, 6020 Innsbruck<br \/><a href=\"mailto:kamran.vahdat9@gmail.com\" target=\"_blank\" rel=\"noopener\">kamran.vahdat9@gmail<\/a><\/p>\t\t\t\t\t\t\t\t<\/div>\n\t\t\t\t<\/div>\n\t\t\t\t<\/div>\n\t\t\t\t<\/div>\n\t\t<div class=\"elementor-element elementor-element-1d2a038 e-con-full e-flex e-con e-child\" data-id=\"1d2a038\" data-element_type=\"container\">\n\t\t<div class=\"elementor-element elementor-element-9f7e6e2 e-con-full e-flex e-con e-child\" data-id=\"9f7e6e2\" data-element_type=\"container\">\n\t\t\t\t<div class=\"elementor-element elementor-element-66a6738 elementor-widget elementor-widget-heading\" data-id=\"66a6738\" data-element_type=\"widget\" data-widget_type=\"heading.default\">\n\t\t\t\t<div class=\"elementor-widget-container\">\n\t\t\t\t\t<h3 class=\"elementor-heading-title elementor-size-default\">Rudolf Moser<\/h3>\t\t\t\t<\/div>\n\t\t\t\t<\/div>\n\t\t\t\t<div class=\"elementor-element elementor-element-749fa91 elementor-widget elementor-widget-text-editor\" data-id=\"749fa91\" data-element_type=\"widget\" data-widget_type=\"text-editor.default\">\n\t\t\t\t<div class=\"elementor-widget-container\">\n\t\t\t\t\t\t\t\t\t<p>Konzerttechniker, 6020 Innsbruck<br \/><a href=\"mailto:piano.moser@chello.at\" target=\"_blank\" rel=\"noopener\">piano.moser@chello.at<\/a><\/p>\t\t\t\t\t\t\t\t<\/div>\n\t\t\t\t<\/div>\n\t\t\t\t<\/div>\n\t\t\t\t<\/div>\n\t\t\t\t\t<\/div>\n\t\t\t\t<\/div>\n\t\t<div class=\"elementor-element elementor-element-0f180c9 e-flex e-con-boxed e-con e-parent\" data-id=\"0f180c9\" data-element_type=\"container\">\n\t\t\t\t\t<div class=\"e-con-inner\">\n\t\t<div class=\"elementor-element elementor-element-fcf6054 e-con-full e-flex e-con e-child\" data-id=\"fcf6054\" data-element_type=\"container\">\n\t\t\t\t<div class=\"elementor-element elementor-element-7be7ffc elementor-widget elementor-widget-image\" data-id=\"7be7ffc\" data-element_type=\"widget\" data-widget_type=\"image.default\">\n\t\t\t\t<div class=\"elementor-widget-container\">\n\t\t\t\t\t\t\t\t\t\t\t\t\t\t\t<img fetchpriority=\"high\" decoding=\"async\" width=\"1024\" height=\"731\" src=\"https:\/\/kvo.at\/wp-content\/uploads\/2025\/05\/zifreind-1024x731.jpg\" class=\"attachment-large size-large wp-image-495\" alt=\"\" srcset=\"https:\/\/kvo.at\/wp-content\/uploads\/2025\/05\/zifreind-1024x731.jpg 1024w, https:\/\/kvo.at\/wp-content\/uploads\/2025\/05\/zifreind-300x214.jpg 300w, https:\/\/kvo.at\/wp-content\/uploads\/2025\/05\/zifreind-768x548.jpg 768w, https:\/\/kvo.at\/wp-content\/uploads\/2025\/05\/zifreind-1536x1096.jpg 1536w, https:\/\/kvo.at\/wp-content\/uploads\/2025\/05\/zifreind.jpg 1920w\" sizes=\"(max-width: 1024px) 100vw, 1024px\" \/>\t\t\t\t\t\t\t\t\t\t\t\t\t\t\t<\/div>\n\t\t\t\t<\/div>\n\t\t\t\t<\/div>\n\t\t<div class=\"elementor-element elementor-element-f9d93a1 e-con-full e-flex e-con e-child\" data-id=\"f9d93a1\" data-element_type=\"container\">\n\t\t\t\t<div class=\"elementor-element elementor-element-336b035 elementor-widget elementor-widget-image\" data-id=\"336b035\" data-element_type=\"widget\" data-widget_type=\"image.default\">\n\t\t\t\t<div class=\"elementor-widget-container\">\n\t\t\t\t\t\t\t\t\t\t\t\t\t\t\t<img decoding=\"async\" width=\"1024\" height=\"683\" src=\"https:\/\/kvo.at\/wp-content\/uploads\/2025\/05\/Werkstadt-Z1-1024x683.jpg\" class=\"attachment-large size-large wp-image-361\" alt=\"\" srcset=\"https:\/\/kvo.at\/wp-content\/uploads\/2025\/05\/Werkstadt-Z1-1024x683.jpg 1024w, https:\/\/kvo.at\/wp-content\/uploads\/2025\/05\/Werkstadt-Z1-300x200.jpg 300w, https:\/\/kvo.at\/wp-content\/uploads\/2025\/05\/Werkstadt-Z1-768x512.jpg 768w, https:\/\/kvo.at\/wp-content\/uploads\/2025\/05\/Werkstadt-Z1-1536x1024.jpg 1536w, https:\/\/kvo.at\/wp-content\/uploads\/2025\/05\/Werkstadt-Z1-2048x1365.jpg 2048w\" sizes=\"(max-width: 1024px) 100vw, 1024px\" \/>\t\t\t\t\t\t\t\t\t\t\t\t\t\t\t<\/div>\n\t\t\t\t<\/div>\n\t\t\t\t<\/div>\n\t\t<div class=\"elementor-element elementor-element-751000e e-con-full e-flex e-con e-child\" data-id=\"751000e\" data-element_type=\"container\">\n\t\t\t\t<div class=\"elementor-element elementor-element-6c89af3 elementor-widget elementor-widget-image\" data-id=\"6c89af3\" data-element_type=\"widget\" data-widget_type=\"image.default\">\n\t\t\t\t<div class=\"elementor-widget-container\">\n\t\t\t\t\t\t\t\t\t\t\t\t\t\t\t<img decoding=\"async\" width=\"1024\" height=\"683\" src=\"https:\/\/kvo.at\/wp-content\/uploads\/2025\/05\/Werkstadt-Z1-1024x683.jpg\" class=\"attachment-large size-large wp-image-361\" alt=\"\" srcset=\"https:\/\/kvo.at\/wp-content\/uploads\/2025\/05\/Werkstadt-Z1-1024x683.jpg 1024w, https:\/\/kvo.at\/wp-content\/uploads\/2025\/05\/Werkstadt-Z1-300x200.jpg 300w, https:\/\/kvo.at\/wp-content\/uploads\/2025\/05\/Werkstadt-Z1-768x512.jpg 768w, https:\/\/kvo.at\/wp-content\/uploads\/2025\/05\/Werkstadt-Z1-1536x1024.jpg 1536w, https:\/\/kvo.at\/wp-content\/uploads\/2025\/05\/Werkstadt-Z1-2048x1365.jpg 2048w\" sizes=\"(max-width: 1024px) 100vw, 1024px\" \/>\t\t\t\t\t\t\t\t\t\t\t\t\t\t\t<\/div>\n\t\t\t\t<\/div>\n\t\t\t\t<\/div>\n\t\t\t\t\t<\/div>\n\t\t\t\t<\/div>\n\t\t\t\t<\/div>\n\t\t","protected":false},"excerpt":{"rendered":"<p>Tirol Klavierbauer und Inhaber Roland Zifreind, ausgebildet bei Leopold Czerny in Innsbruck, machte sich 1989 mit einem einzigen Klavier selbstst\u00e4ndig. Seit \u00fcber 33 Jahren bietet Pianozifreind als freundliches Klavierhaus in Tirol umfassenden Service rund ums Klavier \u2013 von Wartung, Reparatur und Stimmen \u00fcber Klavierpflege und -transport bis hin zu individuellem Klavierunterricht. Kamran Vahdat ist Klavierbaumeister [&hellip;]<\/p>\n","protected":false},"author":3,"featured_media":524,"parent":28,"menu_order":7,"comment_status":"closed","ping_status":"closed","template":"","meta":{"ocean_post_layout":"","ocean_both_sidebars_style":"","ocean_both_sidebars_content_width":0,"ocean_both_sidebars_sidebars_width":0,"ocean_sidebar":"","ocean_second_sidebar":"","ocean_disable_margins":"enable","ocean_add_body_class":"","ocean_shortcode_before_top_bar":"","ocean_shortcode_after_top_bar":"","ocean_shortcode_before_header":"","ocean_shortcode_after_header":"","ocean_has_shortcode":"","ocean_shortcode_after_title":"","ocean_shortcode_before_footer_widgets":"","ocean_shortcode_after_footer_widgets":"","ocean_shortcode_before_footer_bottom":"","ocean_shortcode_after_footer_bottom":"","ocean_display_top_bar":"default","ocean_display_header":"default","ocean_header_style":"","ocean_center_header_left_menu":"","ocean_custom_header_template":"","ocean_custom_logo":0,"ocean_custom_retina_logo":0,"ocean_custom_logo_max_width":0,"ocean_custom_logo_tablet_max_width":0,"ocean_custom_logo_mobile_max_width":0,"ocean_custom_logo_max_height":0,"ocean_custom_logo_tablet_max_height":0,"ocean_custom_logo_mobile_max_height":0,"ocean_header_custom_menu":"","ocean_menu_typo_font_family":"","ocean_menu_typo_font_subset":"","ocean_menu_typo_font_size":0,"ocean_menu_typo_font_size_tablet":0,"ocean_menu_typo_font_size_mobile":0,"ocean_menu_typo_font_size_unit":"px","ocean_menu_typo_font_weight":"","ocean_menu_typo_font_weight_tablet":"","ocean_menu_typo_font_weight_mobile":"","ocean_menu_typo_transform":"","ocean_menu_typo_transform_tablet":"","ocean_menu_typo_transform_mobile":"","ocean_menu_typo_line_height":0,"ocean_menu_typo_line_height_tablet":0,"ocean_menu_typo_line_height_mobile":0,"ocean_menu_typo_line_height_unit":"","ocean_menu_typo_spacing":0,"ocean_menu_typo_spacing_tablet":0,"ocean_menu_typo_spacing_mobile":0,"ocean_menu_typo_spacing_unit":"","ocean_menu_link_color":"","ocean_menu_link_color_hover":"","ocean_menu_link_color_active":"","ocean_menu_link_background":"","ocean_menu_link_hover_background":"","ocean_menu_link_active_background":"","ocean_menu_social_links_bg":"","ocean_menu_social_hover_links_bg":"","ocean_menu_social_links_color":"","ocean_menu_social_hover_links_color":"","ocean_disable_title":"default","ocean_disable_heading":"default","ocean_post_title":"","ocean_post_subheading":"","ocean_post_title_style":"","ocean_post_title_background_color":"","ocean_post_title_background":0,"ocean_post_title_bg_image_position":"","ocean_post_title_bg_image_attachment":"","ocean_post_title_bg_image_repeat":"","ocean_post_title_bg_image_size":"","ocean_post_title_height":0,"ocean_post_title_bg_overlay":0.5,"ocean_post_title_bg_overlay_color":"","ocean_disable_breadcrumbs":"default","ocean_breadcrumbs_color":"","ocean_breadcrumbs_separator_color":"","ocean_breadcrumbs_links_color":"","ocean_breadcrumbs_links_hover_color":"","ocean_display_footer_widgets":"default","ocean_display_footer_bottom":"default","ocean_custom_footer_template":"","footnotes":""},"class_list":["post-486","page","type-page","status-publish","has-post-thumbnail","hentry","entry","has-media"],"yoast_head":"<!-- This site is optimized with the Yoast SEO plugin v25.8 - https:\/\/yoast.com\/wordpress\/plugins\/seo\/ -->\n<title>Tirol - Klaviermacherverband \u00d6sterreich<\/title>\n<meta name=\"description\" content=\"In Tirol bieten mehrere Mitglieder des Klaviermacherverbandes \u00d6sterreich (KVO) hochwertige Dienstleistungen rund um Klaviere und Fl\u00fcgel an.\" \/>\n<meta name=\"robots\" content=\"index, follow, max-snippet:-1, max-image-preview:large, max-video-preview:-1\" \/>\n<link rel=\"canonical\" href=\"https:\/\/kvo.at\/index.php\/mitglieder\/tirol\/\" \/>\n<meta property=\"og:locale\" content=\"de_DE\" \/>\n<meta property=\"og:type\" content=\"article\" \/>\n<meta property=\"og:title\" content=\"Tirol - Klaviermacherverband \u00d6sterreich\" \/>\n<meta property=\"og:description\" content=\"In Tirol bieten mehrere Mitglieder des Klaviermacherverbandes \u00d6sterreich (KVO) hochwertige Dienstleistungen rund um Klaviere und Fl\u00fcgel an.\" \/>\n<meta property=\"og:url\" content=\"https:\/\/kvo.at\/index.php\/mitglieder\/tirol\/\" \/>\n<meta property=\"og:site_name\" content=\"Klaviermacherverband \u00d6sterreich\" \/>\n<meta property=\"article:modified_time\" content=\"2025-08-20T10:49:01+00:00\" \/>\n<meta property=\"og:image\" content=\"https:\/\/kvo.at\/wp-content\/uploads\/2025\/06\/zeitlinger-reportage-14-scaled.jpg\" \/>\n\t<meta property=\"og:image:width\" content=\"2560\" \/>\n\t<meta property=\"og:image:height\" content=\"1707\" \/>\n\t<meta property=\"og:image:type\" content=\"image\/jpeg\" \/>\n<meta name=\"twitter:card\" content=\"summary_large_image\" \/>\n<meta name=\"twitter:label1\" content=\"Gesch\u00e4tzte Lesezeit\" \/>\n\t<meta name=\"twitter:data1\" content=\"1 Minute\" \/>\n<script type=\"application\/ld+json\" class=\"yoast-schema-graph\">{\"@context\":\"https:\/\/schema.org\",\"@graph\":[{\"@type\":\"WebPage\",\"@id\":\"https:\/\/kvo.at\/index.php\/mitglieder\/tirol\/\",\"url\":\"https:\/\/kvo.at\/index.php\/mitglieder\/tirol\/\",\"name\":\"Tirol - Klaviermacherverband \u00d6sterreich\",\"isPartOf\":{\"@id\":\"https:\/\/kvo.at\/#website\"},\"primaryImageOfPage\":{\"@id\":\"https:\/\/kvo.at\/index.php\/mitglieder\/tirol\/#primaryimage\"},\"image\":{\"@id\":\"https:\/\/kvo.at\/index.php\/mitglieder\/tirol\/#primaryimage\"},\"thumbnailUrl\":\"https:\/\/kvo.at\/wp-content\/uploads\/2025\/06\/zeitlinger-reportage-14-scaled.jpg\",\"datePublished\":\"2025-05-28T14:57:55+00:00\",\"dateModified\":\"2025-08-20T10:49:01+00:00\",\"description\":\"In Tirol bieten mehrere Mitglieder des Klaviermacherverbandes \u00d6sterreich (KVO) hochwertige Dienstleistungen rund um Klaviere und Fl\u00fcgel an.\",\"breadcrumb\":{\"@id\":\"https:\/\/kvo.at\/index.php\/mitglieder\/tirol\/#breadcrumb\"},\"inLanguage\":\"de-AT\",\"potentialAction\":[{\"@type\":\"ReadAction\",\"target\":[\"https:\/\/kvo.at\/index.php\/mitglieder\/tirol\/\"]}]},{\"@type\":\"ImageObject\",\"inLanguage\":\"de-AT\",\"@id\":\"https:\/\/kvo.at\/index.php\/mitglieder\/tirol\/#primaryimage\",\"url\":\"https:\/\/kvo.at\/wp-content\/uploads\/2025\/06\/zeitlinger-reportage-14-scaled.jpg\",\"contentUrl\":\"https:\/\/kvo.at\/wp-content\/uploads\/2025\/06\/zeitlinger-reportage-14-scaled.jpg\",\"width\":2560,\"height\":1707,\"caption\":\"Reportage in einer Werkst\u00e4tte eines Klavierbauers\"},{\"@type\":\"BreadcrumbList\",\"@id\":\"https:\/\/kvo.at\/index.php\/mitglieder\/tirol\/#breadcrumb\",\"itemListElement\":[{\"@type\":\"ListItem\",\"position\":1,\"name\":\"Startseite\",\"item\":\"https:\/\/kvo.at\/\"},{\"@type\":\"ListItem\",\"position\":2,\"name\":\"Mitglieder\",\"item\":\"https:\/\/kvo.at\/index.php\/mitglieder\/\"},{\"@type\":\"ListItem\",\"position\":3,\"name\":\"Tirol\"}]},{\"@type\":\"WebSite\",\"@id\":\"https:\/\/kvo.at\/#website\",\"url\":\"https:\/\/kvo.at\/\",\"name\":\"Klaviermacherverband \u00d6sterreich\",\"description\":\"\",\"publisher\":{\"@id\":\"https:\/\/kvo.at\/#organization\"},\"potentialAction\":[{\"@type\":\"SearchAction\",\"target\":{\"@type\":\"EntryPoint\",\"urlTemplate\":\"https:\/\/kvo.at\/?s={search_term_string}\"},\"query-input\":{\"@type\":\"PropertyValueSpecification\",\"valueRequired\":true,\"valueName\":\"search_term_string\"}}],\"inLanguage\":\"de-AT\"},{\"@type\":\"Organization\",\"@id\":\"https:\/\/kvo.at\/#organization\",\"name\":\"Klaviermacherverband \u00d6sterreich\",\"url\":\"https:\/\/kvo.at\/\",\"logo\":{\"@type\":\"ImageObject\",\"inLanguage\":\"de-AT\",\"@id\":\"https:\/\/kvo.at\/#\/schema\/logo\/image\/\",\"url\":\"https:\/\/kvo.at\/wp-content\/uploads\/2025\/04\/cropped-KVO-logo-scaled-1.png\",\"contentUrl\":\"https:\/\/kvo.at\/wp-content\/uploads\/2025\/04\/cropped-KVO-logo-scaled-1.png\",\"width\":2559,\"height\":1587,\"caption\":\"Klaviermacherverband \u00d6sterreich\"},\"image\":{\"@id\":\"https:\/\/kvo.at\/#\/schema\/logo\/image\/\"}}]}<\/script>\n<!-- \/ Yoast SEO plugin. -->","yoast_head_json":{"title":"Tirol - Klaviermacherverband \u00d6sterreich","description":"In Tirol bieten mehrere Mitglieder des Klaviermacherverbandes \u00d6sterreich (KVO) hochwertige Dienstleistungen rund um Klaviere und Fl\u00fcgel an.","robots":{"index":"index","follow":"follow","max-snippet":"max-snippet:-1","max-image-preview":"max-image-preview:large","max-video-preview":"max-video-preview:-1"},"canonical":"https:\/\/kvo.at\/index.php\/mitglieder\/tirol\/","og_locale":"de_DE","og_type":"article","og_title":"Tirol - Klaviermacherverband \u00d6sterreich","og_description":"In Tirol bieten mehrere Mitglieder des Klaviermacherverbandes \u00d6sterreich (KVO) hochwertige Dienstleistungen rund um Klaviere und Fl\u00fcgel an.","og_url":"https:\/\/kvo.at\/index.php\/mitglieder\/tirol\/","og_site_name":"Klaviermacherverband \u00d6sterreich","article_modified_time":"2025-08-20T10:49:01+00:00","og_image":[{"width":2560,"height":1707,"url":"https:\/\/kvo.at\/wp-content\/uploads\/2025\/06\/zeitlinger-reportage-14-scaled.jpg","type":"image\/jpeg"}],"twitter_card":"summary_large_image","twitter_misc":{"Gesch\u00e4tzte Lesezeit":"1 Minute"},"schema":{"@context":"https:\/\/schema.org","@graph":[{"@type":"WebPage","@id":"https:\/\/kvo.at\/index.php\/mitglieder\/tirol\/","url":"https:\/\/kvo.at\/index.php\/mitglieder\/tirol\/","name":"Tirol - Klaviermacherverband \u00d6sterreich","isPartOf":{"@id":"https:\/\/kvo.at\/#website"},"primaryImageOfPage":{"@id":"https:\/\/kvo.at\/index.php\/mitglieder\/tirol\/#primaryimage"},"image":{"@id":"https:\/\/kvo.at\/index.php\/mitglieder\/tirol\/#primaryimage"},"thumbnailUrl":"https:\/\/kvo.at\/wp-content\/uploads\/2025\/06\/zeitlinger-reportage-14-scaled.jpg","datePublished":"2025-05-28T14:57:55+00:00","dateModified":"2025-08-20T10:49:01+00:00","description":"In Tirol bieten mehrere Mitglieder des Klaviermacherverbandes \u00d6sterreich (KVO) hochwertige Dienstleistungen rund um Klaviere und Fl\u00fcgel an.","breadcrumb":{"@id":"https:\/\/kvo.at\/index.php\/mitglieder\/tirol\/#breadcrumb"},"inLanguage":"de-AT","potentialAction":[{"@type":"ReadAction","target":["https:\/\/kvo.at\/index.php\/mitglieder\/tirol\/"]}]},{"@type":"ImageObject","inLanguage":"de-AT","@id":"https:\/\/kvo.at\/index.php\/mitglieder\/tirol\/#primaryimage","url":"https:\/\/kvo.at\/wp-content\/uploads\/2025\/06\/zeitlinger-reportage-14-scaled.jpg","contentUrl":"https:\/\/kvo.at\/wp-content\/uploads\/2025\/06\/zeitlinger-reportage-14-scaled.jpg","width":2560,"height":1707,"caption":"Reportage in einer Werkst\u00e4tte eines Klavierbauers"},{"@type":"BreadcrumbList","@id":"https:\/\/kvo.at\/index.php\/mitglieder\/tirol\/#breadcrumb","itemListElement":[{"@type":"ListItem","position":1,"name":"Startseite","item":"https:\/\/kvo.at\/"},{"@type":"ListItem","position":2,"name":"Mitglieder","item":"https:\/\/kvo.at\/index.php\/mitglieder\/"},{"@type":"ListItem","position":3,"name":"Tirol"}]},{"@type":"WebSite","@id":"https:\/\/kvo.at\/#website","url":"https:\/\/kvo.at\/","name":"Klaviermacherverband \u00d6sterreich","description":"","publisher":{"@id":"https:\/\/kvo.at\/#organization"},"potentialAction":[{"@type":"SearchAction","target":{"@type":"EntryPoint","urlTemplate":"https:\/\/kvo.at\/?s={search_term_string}"},"query-input":{"@type":"PropertyValueSpecification","valueRequired":true,"valueName":"search_term_string"}}],"inLanguage":"de-AT"},{"@type":"Organization","@id":"https:\/\/kvo.at\/#organization","name":"Klaviermacherverband \u00d6sterreich","url":"https:\/\/kvo.at\/","logo":{"@type":"ImageObject","inLanguage":"de-AT","@id":"https:\/\/kvo.at\/#\/schema\/logo\/image\/","url":"https:\/\/kvo.at\/wp-content\/uploads\/2025\/04\/cropped-KVO-logo-scaled-1.png","contentUrl":"https:\/\/kvo.at\/wp-content\/uploads\/2025\/04\/cropped-KVO-logo-scaled-1.png","width":2559,"height":1587,"caption":"Klaviermacherverband \u00d6sterreich"},"image":{"@id":"https:\/\/kvo.at\/#\/schema\/logo\/image\/"}}]}},"_links":{"self":[{"href":"https:\/\/kvo.at\/index.php\/wp-json\/wp\/v2\/pages\/486","targetHints":{"allow":["GET"]}}],"collection":[{"href":"https:\/\/kvo.at\/index.php\/wp-json\/wp\/v2\/pages"}],"about":[{"href":"https:\/\/kvo.at\/index.php\/wp-json\/wp\/v2\/types\/page"}],"author":[{"embeddable":true,"href":"https:\/\/kvo.at\/index.php\/wp-json\/wp\/v2\/users\/3"}],"replies":[{"embeddable":true,"href":"https:\/\/kvo.at\/index.php\/wp-json\/wp\/v2\/comments?post=486"}],"version-history":[{"count":30,"href":"https:\/\/kvo.at\/index.php\/wp-json\/wp\/v2\/pages\/486\/revisions"}],"predecessor-version":[{"id":745,"href":"https:\/\/kvo.at\/index.php\/wp-json\/wp\/v2\/pages\/486\/revisions\/745"}],"up":[{"embeddable":true,"href":"https:\/\/kvo.at\/index.php\/wp-json\/wp\/v2\/pages\/28"}],"wp:featuredmedia":[{"embeddable":true,"href":"https:\/\/kvo.at\/index.php\/wp-json\/wp\/v2\/media\/524"}],"wp:attachment":[{"href":"https:\/\/kvo.at\/index.php\/wp-json\/wp\/v2\/media?parent=486"}],"curies":[{"name":"wp","href":"https:\/\/api.w.org\/{rel}","templated":true}]}}