{"id":385,"date":"2025-05-26T13:31:31","date_gmt":"2025-05-26T13:31:31","guid":{"rendered":"https:\/\/kvo.at\/?page_id=385"},"modified":"2025-08-20T10:48:42","modified_gmt":"2025-08-20T10:48:42","slug":"niederoesterreich","status":"publish","type":"page","link":"https:\/\/kvo.at\/index.php\/mitglieder\/niederoesterreich\/","title":{"rendered":"Nieder\u00f6sterreich"},"content":{"rendered":"\t\t<div data-elementor-type=\"wp-page\" data-elementor-id=\"385\" class=\"elementor elementor-385\">\n\t\t\t\t<div class=\"elementor-element elementor-element-0852437 e-flex e-con-boxed e-con e-parent\" data-id=\"0852437\" data-element_type=\"container\">\n\t\t\t\t\t<div class=\"e-con-inner\">\n\t\t<div class=\"elementor-element elementor-element-18ec46e e-con-full e-flex e-con e-child\" data-id=\"18ec46e\" data-element_type=\"container\">\n\t\t\t\t<div class=\"elementor-element elementor-element-92ef61d elementor-widget elementor-widget-heading\" data-id=\"92ef61d\" data-element_type=\"widget\" data-widget_type=\"heading.default\">\n\t\t\t\t<div class=\"elementor-widget-container\">\n\t\t\t\t\t<h2 class=\"elementor-heading-title elementor-size-default\">Nieder\u00f6sterreich<\/h2>\t\t\t\t<\/div>\n\t\t\t\t<\/div>\n\t\t<div class=\"elementor-element elementor-element-e378e0d e-con-full e-flex e-con e-child\" data-id=\"e378e0d\" data-element_type=\"container\">\n\t\t\t\t<div class=\"elementor-element elementor-element-b2ddb18 elementor-widget elementor-widget-text-editor\" data-id=\"b2ddb18\" data-element_type=\"widget\" data-widget_type=\"text-editor.default\">\n\t\t\t\t<div class=\"elementor-widget-container\">\n\t\t\t\t\t\t\t\t\t<p><strong>Klavierland Hainburg<\/strong> bietet professionelle Betreuung rund ums Klavier \u2013 von Stimmung und Wartung bis hin zu Verkauf und Vermietung hochwertiger Instrumente. Unter der Leitung von Philipp Schneider liegt der Fokus auf individueller Beratung, sorgf\u00e4ltiger Pflege und langfristiger Kundenzufriedenheit.<\/p><p><strong>Friedrich Radler<\/strong> ist ein erfahrener Klaviermachermeister mit Sitz in St. P\u00f6lten. Mit gro\u00dfer Sorgfalt und handwerklicher Pr\u00e4zision widmet er sich der Reparatur, Restaurierung und Stimmung von Klavieren und Fl\u00fcgeln. Seine Kunden in Nieder\u00f6sterreich sch\u00e4tzen besonders seine Fachkompetenz und Verl\u00e4sslichkeit.<\/p><p><span class=\"relative -mx-px my-[-0.2rem] rounded px-px py-[0.2rem] transition-colors duration-100 ease-in-out\"><strong>Mathias Fenz<\/strong> ist ausgebildeter Klavierbauer mit Abschluss bei der <a href=\"https:\/\/kvo.at\/index.php\/mitglieder\/wien\/\" target=\"_blank\" rel=\"noopener\">B\u00f6sendorfer Klavierfabrik.<\/a><\/span> <span class=\"relative -mx-px my-[-0.2rem] rounded px-px py-[0.2rem] transition-colors duration-100 ease-in-out\">Er bietet umfassende Dienstleistungen rund ums Klavier an, darunter Stimmen, Reparaturen, Reinigung, Service und Konzertbetreuung.<\/span> <span class=\"relative -mx-px my-[-0.2rem] rounded px-px py-[0.2rem] transition-colors duration-100 ease-in-out\">Sein Betrieb befindet sich in Schwarzau am Steinfeld, und er ist auch als Klaviertechniker f\u00fcr die Stadt Wien Musikschule t\u00e4tig.<\/span><\/p>\t\t\t\t\t\t\t\t<\/div>\n\t\t\t\t<\/div>\n\t\t\t\t<\/div>\n\t\t\t\t<\/div>\n\t\t\t\t\t<\/div>\n\t\t\t\t<\/div>\n\t\t<div class=\"elementor-element elementor-element-38cc916 e-flex e-con-boxed e-con e-parent\" data-id=\"38cc916\" data-element_type=\"container\">\n\t\t\t\t\t<div class=\"e-con-inner\">\n\t\t\t\t<div class=\"elementor-element elementor-element-2f71cbd elementor-widget-divider--view-line elementor-widget elementor-widget-divider\" data-id=\"2f71cbd\" data-element_type=\"widget\" data-widget_type=\"divider.default\">\n\t\t\t\t<div class=\"elementor-widget-container\">\n\t\t\t\t\t\t\t<div class=\"elementor-divider\">\n\t\t\t<span class=\"elementor-divider-separator\">\n\t\t\t\t\t\t<\/span>\n\t\t<\/div>\n\t\t\t\t\t\t<\/div>\n\t\t\t\t<\/div>\n\t\t\t\t\t<\/div>\n\t\t\t\t<\/div>\n\t\t<div class=\"elementor-element elementor-element-aeae497 e-flex e-con-boxed e-con e-parent\" data-id=\"aeae497\" data-element_type=\"container\">\n\t\t\t\t\t<div class=\"e-con-inner\">\n\t\t<div class=\"elementor-element elementor-element-123e377 e-con-full e-flex e-con e-child\" data-id=\"123e377\" data-element_type=\"container\">\n\t\t<div class=\"elementor-element elementor-element-8ac8133 e-con-full e-flex e-con e-child\" data-id=\"8ac8133\" data-element_type=\"container\">\n\t\t<div class=\"elementor-element elementor-element-883b2a2 e-con-full e-flex e-con e-child\" data-id=\"883b2a2\" data-element_type=\"container\">\n\t\t\t\t<div class=\"elementor-element elementor-element-aef88d5 elementor-widget elementor-widget-heading\" data-id=\"aef88d5\" data-element_type=\"widget\" data-widget_type=\"heading.default\">\n\t\t\t\t<div class=\"elementor-widget-container\">\n\t\t\t\t\t<h3 class=\"elementor-heading-title elementor-size-default\">Klavierland Hainburg<\/h3>\t\t\t\t<\/div>\n\t\t\t\t<\/div>\n\t\t\t\t<div class=\"elementor-element elementor-element-05ea1e4 elementor-widget elementor-widget-text-editor\" data-id=\"05ea1e4\" data-element_type=\"widget\" data-widget_type=\"text-editor.default\">\n\t\t\t\t<div class=\"elementor-widget-container\">\n\t\t\t\t\t\t\t\t\t<p>Nibelungengasse 20, 2410 Hainburg<br \/><a class=\"wixui-rich-text__text\" href=\"mailto:klaviere@klavierland.at\" target=\"_blank\" rel=\"noopener\" data-auto-recognition=\"true\">klaviere@klavierland.at<\/a><br \/><a href=\"https:\/\/www.klavierland.at\/?gad_source=1&amp;gad_campaignid=964493652&amp;gclid=Cj0KCQjwotDBBhCQARIsAG5pinN6XAxQqMxsIT35NQxiZ_CC1_LthHzJwibeBYSXdborNfFmHIVtrK8aAuS6EALw_wcB\" target=\"_blank\" rel=\"noopener\">klavierland.at<\/a><\/p>\t\t\t\t\t\t\t\t<\/div>\n\t\t\t\t<\/div>\n\t\t\t\t<\/div>\n\t\t\t\t<\/div>\n\t\t<div class=\"elementor-element elementor-element-7f34ffa e-con-full e-flex e-con e-child\" data-id=\"7f34ffa\" data-element_type=\"container\">\n\t\t<div class=\"elementor-element elementor-element-bd5b778 e-con-full e-flex e-con e-child\" data-id=\"bd5b778\" data-element_type=\"container\">\n\t\t\t\t<div class=\"elementor-element elementor-element-ce125a1 elementor-widget elementor-widget-heading\" data-id=\"ce125a1\" data-element_type=\"widget\" data-widget_type=\"heading.default\">\n\t\t\t\t<div class=\"elementor-widget-container\">\n\t\t\t\t\t<h3 class=\"elementor-heading-title elementor-size-default\">Friedrich Radler<\/h3>\t\t\t\t<\/div>\n\t\t\t\t<\/div>\n\t\t\t\t<\/div>\n\t\t\t\t<div class=\"elementor-element elementor-element-d639874 elementor-widget elementor-widget-text-editor\" data-id=\"d639874\" data-element_type=\"widget\" data-widget_type=\"text-editor.default\">\n\t\t\t\t<div class=\"elementor-widget-container\">\n\t\t\t\t\t\t\t\t\t<p>Klaviermachermeister, 3100 St. P\u00f6lten\u00a0<br \/><a href=\"mailto:radler@klaviersalon.at\" target=\"_blank\" rel=\"noopener\">radler@klaviersalon.at<\/a><\/p>\t\t\t\t\t\t\t\t<\/div>\n\t\t\t\t<\/div>\n\t\t\t\t<\/div>\n\t\t<div class=\"elementor-element elementor-element-aca85d6 e-con-full e-flex e-con e-child\" data-id=\"aca85d6\" data-element_type=\"container\">\n\t\t<div class=\"elementor-element elementor-element-a35d63b e-con-full e-flex e-con e-child\" data-id=\"a35d63b\" data-element_type=\"container\">\n\t\t\t\t<div class=\"elementor-element elementor-element-de715fa elementor-widget elementor-widget-heading\" data-id=\"de715fa\" data-element_type=\"widget\" data-widget_type=\"heading.default\">\n\t\t\t\t<div class=\"elementor-widget-container\">\n\t\t\t\t\t<h3 class=\"elementor-heading-title elementor-size-default\">Mathias Fenz<\/h3>\t\t\t\t<\/div>\n\t\t\t\t<\/div>\n\t\t\t\t<div class=\"elementor-element elementor-element-d23e675 elementor-widget elementor-widget-text-editor\" data-id=\"d23e675\" data-element_type=\"widget\" data-widget_type=\"text-editor.default\">\n\t\t\t\t<div class=\"elementor-widget-container\">\n\t\t\t\t\t\t\t\t\t<p>Klaviermacher, 2625 Schwarzau am Steinfeld<br \/><a href=\"mailto:office@feurich.com\" target=\"_blank\" rel=\"noopener\">arbeit.fenz@gmail.com<\/a><br \/><a href=\"https:\/\/sites.google.com\/view\/klaviermacherfenz\/startseite\" target=\"_blank\" rel=\"noopener\">sites.google\/view\/klaviermacherfenz\/startseite.<\/a><\/p>\t\t\t\t\t\t\t\t<\/div>\n\t\t\t\t<\/div>\n\t\t\t\t<\/div>\n\t\t\t\t<\/div>\n\t\t\t\t<\/div>\n\t\t\t\t\t<\/div>\n\t\t\t\t<\/div>\n\t\t<div class=\"elementor-element elementor-element-89207af e-flex e-con-boxed e-con e-parent\" data-id=\"89207af\" data-element_type=\"container\">\n\t\t\t\t\t<div class=\"e-con-inner\">\n\t\t<div class=\"elementor-element elementor-element-4cd1cd6 e-con-full e-flex e-con e-child\" data-id=\"4cd1cd6\" data-element_type=\"container\">\n\t\t\t\t<div class=\"elementor-element elementor-element-c2b8e63 elementor-widget elementor-widget-image\" data-id=\"c2b8e63\" data-element_type=\"widget\" data-widget_type=\"image.default\">\n\t\t\t\t<div class=\"elementor-widget-container\">\n\t\t\t\t\t\t\t\t\t\t\t\t\t\t\t<img decoding=\"async\" src=\"https:\/\/kvo.at\/wp-content\/uploads\/elementor\/thumbs\/Werkstadt-Z1-scaled-r6dln6ym4yq3gy9u41jdpautmqdp0elbh18e0iu2zy.jpg\" title=\"Werkstadt Z1\" alt=\"Werkstadt Z1\" loading=\"lazy\" \/>\t\t\t\t\t\t\t\t\t\t\t\t\t\t\t<\/div>\n\t\t\t\t<\/div>\n\t\t\t\t<\/div>\n\t\t<div class=\"elementor-element elementor-element-46f79b0 e-con-full e-flex e-con e-child\" data-id=\"46f79b0\" data-element_type=\"container\">\n\t\t\t\t<div class=\"elementor-element elementor-element-6306bf0 elementor-widget elementor-widget-image\" data-id=\"6306bf0\" data-element_type=\"widget\" data-widget_type=\"image.default\">\n\t\t\t\t<div class=\"elementor-widget-container\">\n\t\t\t\t\t\t\t\t\t\t\t\t\t\t\t<img fetchpriority=\"high\" decoding=\"async\" width=\"768\" height=\"512\" src=\"https:\/\/kvo.at\/wp-content\/uploads\/2025\/05\/Werkstadt-Z1-768x512.jpg\" class=\"attachment-medium_large size-medium_large wp-image-361\" alt=\"\" srcset=\"https:\/\/kvo.at\/wp-content\/uploads\/2025\/05\/Werkstadt-Z1-768x512.jpg 768w, https:\/\/kvo.at\/wp-content\/uploads\/2025\/05\/Werkstadt-Z1-300x200.jpg 300w, https:\/\/kvo.at\/wp-content\/uploads\/2025\/05\/Werkstadt-Z1-1024x683.jpg 1024w, https:\/\/kvo.at\/wp-content\/uploads\/2025\/05\/Werkstadt-Z1-1536x1024.jpg 1536w, https:\/\/kvo.at\/wp-content\/uploads\/2025\/05\/Werkstadt-Z1-2048x1365.jpg 2048w\" sizes=\"(max-width: 768px) 100vw, 768px\" \/>\t\t\t\t\t\t\t\t\t\t\t\t\t\t\t<\/div>\n\t\t\t\t<\/div>\n\t\t\t\t<\/div>\n\t\t<div class=\"elementor-element elementor-element-6e0ff8c e-con-full e-flex e-con e-child\" data-id=\"6e0ff8c\" data-element_type=\"container\">\n\t\t\t\t<div class=\"elementor-element elementor-element-99755bd elementor-widget elementor-widget-image\" data-id=\"99755bd\" data-element_type=\"widget\" data-widget_type=\"image.default\">\n\t\t\t\t<div class=\"elementor-widget-container\">\n\t\t\t\t\t\t\t\t\t\t\t\t\t\t\t<img decoding=\"async\" width=\"705\" height=\"449\" src=\"https:\/\/kvo.at\/wp-content\/uploads\/2025\/05\/mathiasfenz.jpg\" class=\"attachment-large size-large wp-image-421\" alt=\"Nieder\u00f6sterreich\" srcset=\"https:\/\/kvo.at\/wp-content\/uploads\/2025\/05\/mathiasfenz.jpg 705w, https:\/\/kvo.at\/wp-content\/uploads\/2025\/05\/mathiasfenz-300x191.jpg 300w\" sizes=\"(max-width: 705px) 100vw, 705px\" \/>\t\t\t\t\t\t\t\t\t\t\t\t\t\t\t<\/div>\n\t\t\t\t<\/div>\n\t\t\t\t<\/div>\n\t\t\t\t\t<\/div>\n\t\t\t\t<\/div>\n\t\t\t\t<\/div>\n\t\t","protected":false},"excerpt":{"rendered":"<p>Nieder\u00f6sterreich Klavierland Hainburg bietet professionelle Betreuung rund ums Klavier \u2013 von Stimmung und Wartung bis hin zu Verkauf und Vermietung hochwertiger Instrumente. Unter der Leitung von Philipp Schneider liegt der Fokus auf individueller Beratung, sorgf\u00e4ltiger Pflege und langfristiger Kundenzufriedenheit. Friedrich Radler ist ein erfahrener Klaviermachermeister mit Sitz in St. P\u00f6lten. Mit gro\u00dfer Sorgfalt und handwerklicher [&hellip;]<\/p>\n","protected":false},"author":3,"featured_media":472,"parent":28,"menu_order":2,"comment_status":"closed","ping_status":"closed","template":"","meta":{"ocean_post_layout":"","ocean_both_sidebars_style":"","ocean_both_sidebars_content_width":0,"ocean_both_sidebars_sidebars_width":0,"ocean_sidebar":"","ocean_second_sidebar":"","ocean_disable_margins":"enable","ocean_add_body_class":"","ocean_shortcode_before_top_bar":"","ocean_shortcode_after_top_bar":"","ocean_shortcode_before_header":"","ocean_shortcode_after_header":"","ocean_has_shortcode":"","ocean_shortcode_after_title":"","ocean_shortcode_before_footer_widgets":"","ocean_shortcode_after_footer_widgets":"","ocean_shortcode_before_footer_bottom":"","ocean_shortcode_after_footer_bottom":"","ocean_display_top_bar":"default","ocean_display_header":"default","ocean_header_style":"","ocean_center_header_left_menu":"","ocean_custom_header_template":"","ocean_custom_logo":0,"ocean_custom_retina_logo":0,"ocean_custom_logo_max_width":0,"ocean_custom_logo_tablet_max_width":0,"ocean_custom_logo_mobile_max_width":0,"ocean_custom_logo_max_height":0,"ocean_custom_logo_tablet_max_height":0,"ocean_custom_logo_mobile_max_height":0,"ocean_header_custom_menu":"","ocean_menu_typo_font_family":"","ocean_menu_typo_font_subset":"","ocean_menu_typo_font_size":0,"ocean_menu_typo_font_size_tablet":0,"ocean_menu_typo_font_size_mobile":0,"ocean_menu_typo_font_size_unit":"px","ocean_menu_typo_font_weight":"","ocean_menu_typo_font_weight_tablet":"","ocean_menu_typo_font_weight_mobile":"","ocean_menu_typo_transform":"","ocean_menu_typo_transform_tablet":"","ocean_menu_typo_transform_mobile":"","ocean_menu_typo_line_height":0,"ocean_menu_typo_line_height_tablet":0,"ocean_menu_typo_line_height_mobile":0,"ocean_menu_typo_line_height_unit":"","ocean_menu_typo_spacing":0,"ocean_menu_typo_spacing_tablet":0,"ocean_menu_typo_spacing_mobile":0,"ocean_menu_typo_spacing_unit":"","ocean_menu_link_color":"","ocean_menu_link_color_hover":"","ocean_menu_link_color_active":"","ocean_menu_link_background":"","ocean_menu_link_hover_background":"","ocean_menu_link_active_background":"","ocean_menu_social_links_bg":"","ocean_menu_social_hover_links_bg":"","ocean_menu_social_links_color":"","ocean_menu_social_hover_links_color":"","ocean_disable_title":"default","ocean_disable_heading":"default","ocean_post_title":"","ocean_post_subheading":"","ocean_post_title_style":"","ocean_post_title_background_color":"","ocean_post_title_background":0,"ocean_post_title_bg_image_position":"","ocean_post_title_bg_image_attachment":"","ocean_post_title_bg_image_repeat":"","ocean_post_title_bg_image_size":"","ocean_post_title_height":0,"ocean_post_title_bg_overlay":0.5,"ocean_post_title_bg_overlay_color":"","ocean_disable_breadcrumbs":"default","ocean_breadcrumbs_color":"","ocean_breadcrumbs_separator_color":"","ocean_breadcrumbs_links_color":"","ocean_breadcrumbs_links_hover_color":"","ocean_display_footer_widgets":"default","ocean_display_footer_bottom":"default","ocean_custom_footer_template":"","footnotes":""},"class_list":["post-385","page","type-page","status-publish","has-post-thumbnail","hentry","entry","has-media"],"yoast_head":"<!-- This site is optimized with the Yoast SEO plugin v25.8 - https:\/\/yoast.com\/wordpress\/plugins\/seo\/ -->\n<title>Nieder\u00f6sterreich - Klaviermacherverband \u00d6sterreich<\/title>\n<meta name=\"description\" content=\"Lernen Sie die Mitglieder des KVO in Nieder\u00f6sterreich kennen. Engagierte KlaviermacherInnen die f\u00fcr Qualit\u00e4t im Klavierbau stehen.\" \/>\n<meta name=\"robots\" content=\"index, follow, max-snippet:-1, max-image-preview:large, max-video-preview:-1\" \/>\n<link rel=\"canonical\" href=\"https:\/\/kvo.at\/index.php\/mitglieder\/niederoesterreich\/\" \/>\n<meta property=\"og:locale\" content=\"de_DE\" \/>\n<meta property=\"og:type\" content=\"article\" \/>\n<meta property=\"og:title\" content=\"Nieder\u00f6sterreich - Klaviermacherverband \u00d6sterreich\" \/>\n<meta property=\"og:description\" content=\"Lernen Sie die Mitglieder des KVO in Nieder\u00f6sterreich kennen. Engagierte KlaviermacherInnen die f\u00fcr Qualit\u00e4t im Klavierbau stehen.\" \/>\n<meta property=\"og:url\" content=\"https:\/\/kvo.at\/index.php\/mitglieder\/niederoesterreich\/\" \/>\n<meta property=\"og:site_name\" content=\"Klaviermacherverband \u00d6sterreich\" \/>\n<meta property=\"article:modified_time\" content=\"2025-08-20T10:48:42+00:00\" \/>\n<meta property=\"og:image\" content=\"https:\/\/kvo.at\/wp-content\/uploads\/2025\/05\/klavierpeter.jpg\" \/>\n\t<meta property=\"og:image:width\" content=\"2000\" \/>\n\t<meta property=\"og:image:height\" content=\"1200\" \/>\n\t<meta property=\"og:image:type\" content=\"image\/jpeg\" \/>\n<meta name=\"twitter:card\" content=\"summary_large_image\" \/>\n<meta name=\"twitter:label1\" content=\"Gesch\u00e4tzte Lesezeit\" \/>\n\t<meta name=\"twitter:data1\" content=\"1 Minute\" \/>\n<script type=\"application\/ld+json\" class=\"yoast-schema-graph\">{\"@context\":\"https:\/\/schema.org\",\"@graph\":[{\"@type\":\"WebPage\",\"@id\":\"https:\/\/kvo.at\/index.php\/mitglieder\/niederoesterreich\/\",\"url\":\"https:\/\/kvo.at\/index.php\/mitglieder\/niederoesterreich\/\",\"name\":\"Nieder\u00f6sterreich - Klaviermacherverband \u00d6sterreich\",\"isPartOf\":{\"@id\":\"https:\/\/kvo.at\/#website\"},\"primaryImageOfPage\":{\"@id\":\"https:\/\/kvo.at\/index.php\/mitglieder\/niederoesterreich\/#primaryimage\"},\"image\":{\"@id\":\"https:\/\/kvo.at\/index.php\/mitglieder\/niederoesterreich\/#primaryimage\"},\"thumbnailUrl\":\"https:\/\/kvo.at\/wp-content\/uploads\/2025\/05\/klavierpeter.jpg\",\"datePublished\":\"2025-05-26T13:31:31+00:00\",\"dateModified\":\"2025-08-20T10:48:42+00:00\",\"description\":\"Lernen Sie die Mitglieder des KVO in Nieder\u00f6sterreich kennen. Engagierte KlaviermacherInnen die f\u00fcr Qualit\u00e4t im Klavierbau stehen.\",\"breadcrumb\":{\"@id\":\"https:\/\/kvo.at\/index.php\/mitglieder\/niederoesterreich\/#breadcrumb\"},\"inLanguage\":\"de-AT\",\"potentialAction\":[{\"@type\":\"ReadAction\",\"target\":[\"https:\/\/kvo.at\/index.php\/mitglieder\/niederoesterreich\/\"]}]},{\"@type\":\"ImageObject\",\"inLanguage\":\"de-AT\",\"@id\":\"https:\/\/kvo.at\/index.php\/mitglieder\/niederoesterreich\/#primaryimage\",\"url\":\"https:\/\/kvo.at\/wp-content\/uploads\/2025\/05\/klavierpeter.jpg\",\"contentUrl\":\"https:\/\/kvo.at\/wp-content\/uploads\/2025\/05\/klavierpeter.jpg\",\"width\":2000,\"height\":1200},{\"@type\":\"BreadcrumbList\",\"@id\":\"https:\/\/kvo.at\/index.php\/mitglieder\/niederoesterreich\/#breadcrumb\",\"itemListElement\":[{\"@type\":\"ListItem\",\"position\":1,\"name\":\"Startseite\",\"item\":\"https:\/\/kvo.at\/\"},{\"@type\":\"ListItem\",\"position\":2,\"name\":\"Mitglieder\",\"item\":\"https:\/\/kvo.at\/index.php\/mitglieder\/\"},{\"@type\":\"ListItem\",\"position\":3,\"name\":\"Nieder\u00f6sterreich\"}]},{\"@type\":\"WebSite\",\"@id\":\"https:\/\/kvo.at\/#website\",\"url\":\"https:\/\/kvo.at\/\",\"name\":\"Klaviermacherverband \u00d6sterreich\",\"description\":\"\",\"publisher\":{\"@id\":\"https:\/\/kvo.at\/#organization\"},\"potentialAction\":[{\"@type\":\"SearchAction\",\"target\":{\"@type\":\"EntryPoint\",\"urlTemplate\":\"https:\/\/kvo.at\/?s={search_term_string}\"},\"query-input\":{\"@type\":\"PropertyValueSpecification\",\"valueRequired\":true,\"valueName\":\"search_term_string\"}}],\"inLanguage\":\"de-AT\"},{\"@type\":\"Organization\",\"@id\":\"https:\/\/kvo.at\/#organization\",\"name\":\"Klaviermacherverband \u00d6sterreich\",\"url\":\"https:\/\/kvo.at\/\",\"logo\":{\"@type\":\"ImageObject\",\"inLanguage\":\"de-AT\",\"@id\":\"https:\/\/kvo.at\/#\/schema\/logo\/image\/\",\"url\":\"https:\/\/kvo.at\/wp-content\/uploads\/2025\/04\/cropped-KVO-logo-scaled-1.png\",\"contentUrl\":\"https:\/\/kvo.at\/wp-content\/uploads\/2025\/04\/cropped-KVO-logo-scaled-1.png\",\"width\":2559,\"height\":1587,\"caption\":\"Klaviermacherverband \u00d6sterreich\"},\"image\":{\"@id\":\"https:\/\/kvo.at\/#\/schema\/logo\/image\/\"}}]}<\/script>\n<!-- \/ Yoast SEO plugin. -->","yoast_head_json":{"title":"Nieder\u00f6sterreich - Klaviermacherverband \u00d6sterreich","description":"Lernen Sie die Mitglieder des KVO in Nieder\u00f6sterreich kennen. Engagierte KlaviermacherInnen die f\u00fcr Qualit\u00e4t im Klavierbau stehen.","robots":{"index":"index","follow":"follow","max-snippet":"max-snippet:-1","max-image-preview":"max-image-preview:large","max-video-preview":"max-video-preview:-1"},"canonical":"https:\/\/kvo.at\/index.php\/mitglieder\/niederoesterreich\/","og_locale":"de_DE","og_type":"article","og_title":"Nieder\u00f6sterreich - Klaviermacherverband \u00d6sterreich","og_description":"Lernen Sie die Mitglieder des KVO in Nieder\u00f6sterreich kennen. Engagierte KlaviermacherInnen die f\u00fcr Qualit\u00e4t im Klavierbau stehen.","og_url":"https:\/\/kvo.at\/index.php\/mitglieder\/niederoesterreich\/","og_site_name":"Klaviermacherverband \u00d6sterreich","article_modified_time":"2025-08-20T10:48:42+00:00","og_image":[{"width":2000,"height":1200,"url":"https:\/\/kvo.at\/wp-content\/uploads\/2025\/05\/klavierpeter.jpg","type":"image\/jpeg"}],"twitter_card":"summary_large_image","twitter_misc":{"Gesch\u00e4tzte Lesezeit":"1 Minute"},"schema":{"@context":"https:\/\/schema.org","@graph":[{"@type":"WebPage","@id":"https:\/\/kvo.at\/index.php\/mitglieder\/niederoesterreich\/","url":"https:\/\/kvo.at\/index.php\/mitglieder\/niederoesterreich\/","name":"Nieder\u00f6sterreich - Klaviermacherverband \u00d6sterreich","isPartOf":{"@id":"https:\/\/kvo.at\/#website"},"primaryImageOfPage":{"@id":"https:\/\/kvo.at\/index.php\/mitglieder\/niederoesterreich\/#primaryimage"},"image":{"@id":"https:\/\/kvo.at\/index.php\/mitglieder\/niederoesterreich\/#primaryimage"},"thumbnailUrl":"https:\/\/kvo.at\/wp-content\/uploads\/2025\/05\/klavierpeter.jpg","datePublished":"2025-05-26T13:31:31+00:00","dateModified":"2025-08-20T10:48:42+00:00","description":"Lernen Sie die Mitglieder des KVO in Nieder\u00f6sterreich kennen. Engagierte KlaviermacherInnen die f\u00fcr Qualit\u00e4t im Klavierbau stehen.","breadcrumb":{"@id":"https:\/\/kvo.at\/index.php\/mitglieder\/niederoesterreich\/#breadcrumb"},"inLanguage":"de-AT","potentialAction":[{"@type":"ReadAction","target":["https:\/\/kvo.at\/index.php\/mitglieder\/niederoesterreich\/"]}]},{"@type":"ImageObject","inLanguage":"de-AT","@id":"https:\/\/kvo.at\/index.php\/mitglieder\/niederoesterreich\/#primaryimage","url":"https:\/\/kvo.at\/wp-content\/uploads\/2025\/05\/klavierpeter.jpg","contentUrl":"https:\/\/kvo.at\/wp-content\/uploads\/2025\/05\/klavierpeter.jpg","width":2000,"height":1200},{"@type":"BreadcrumbList","@id":"https:\/\/kvo.at\/index.php\/mitglieder\/niederoesterreich\/#breadcrumb","itemListElement":[{"@type":"ListItem","position":1,"name":"Startseite","item":"https:\/\/kvo.at\/"},{"@type":"ListItem","position":2,"name":"Mitglieder","item":"https:\/\/kvo.at\/index.php\/mitglieder\/"},{"@type":"ListItem","position":3,"name":"Nieder\u00f6sterreich"}]},{"@type":"WebSite","@id":"https:\/\/kvo.at\/#website","url":"https:\/\/kvo.at\/","name":"Klaviermacherverband \u00d6sterreich","description":"","publisher":{"@id":"https:\/\/kvo.at\/#organization"},"potentialAction":[{"@type":"SearchAction","target":{"@type":"EntryPoint","urlTemplate":"https:\/\/kvo.at\/?s={search_term_string}"},"query-input":{"@type":"PropertyValueSpecification","valueRequired":true,"valueName":"search_term_string"}}],"inLanguage":"de-AT"},{"@type":"Organization","@id":"https:\/\/kvo.at\/#organization","name":"Klaviermacherverband \u00d6sterreich","url":"https:\/\/kvo.at\/","logo":{"@type":"ImageObject","inLanguage":"de-AT","@id":"https:\/\/kvo.at\/#\/schema\/logo\/image\/","url":"https:\/\/kvo.at\/wp-content\/uploads\/2025\/04\/cropped-KVO-logo-scaled-1.png","contentUrl":"https:\/\/kvo.at\/wp-content\/uploads\/2025\/04\/cropped-KVO-logo-scaled-1.png","width":2559,"height":1587,"caption":"Klaviermacherverband \u00d6sterreich"},"image":{"@id":"https:\/\/kvo.at\/#\/schema\/logo\/image\/"}}]}},"_links":{"self":[{"href":"https:\/\/kvo.at\/index.php\/wp-json\/wp\/v2\/pages\/385","targetHints":{"allow":["GET"]}}],"collection":[{"href":"https:\/\/kvo.at\/index.php\/wp-json\/wp\/v2\/pages"}],"about":[{"href":"https:\/\/kvo.at\/index.php\/wp-json\/wp\/v2\/types\/page"}],"author":[{"embeddable":true,"href":"https:\/\/kvo.at\/index.php\/wp-json\/wp\/v2\/users\/3"}],"replies":[{"embeddable":true,"href":"https:\/\/kvo.at\/index.php\/wp-json\/wp\/v2\/comments?post=385"}],"version-history":[{"count":38,"href":"https:\/\/kvo.at\/index.php\/wp-json\/wp\/v2\/pages\/385\/revisions"}],"predecessor-version":[{"id":754,"href":"https:\/\/kvo.at\/index.php\/wp-json\/wp\/v2\/pages\/385\/revisions\/754"}],"up":[{"embeddable":true,"href":"https:\/\/kvo.at\/index.php\/wp-json\/wp\/v2\/pages\/28"}],"wp:featuredmedia":[{"embeddable":true,"href":"https:\/\/kvo.at\/index.php\/wp-json\/wp\/v2\/media\/472"}],"wp:attachment":[{"href":"https:\/\/kvo.at\/index.php\/wp-json\/wp\/v2\/media?parent=385"}],"curies":[{"name":"wp","href":"https:\/\/api.w.org\/{rel}","templated":true}]}}