{"id":30,"date":"2025-04-29T14:06:39","date_gmt":"2025-04-29T14:06:39","guid":{"rendered":"https:\/\/kvo.at\/?page_id=30"},"modified":"2025-07-11T11:22:54","modified_gmt":"2025-07-11T11:22:54","slug":"aktuelles","status":"publish","type":"page","link":"https:\/\/kvo.at\/index.php\/aktuelles\/","title":{"rendered":"Aktuelles"},"content":{"rendered":"\t\t<div data-elementor-type=\"wp-page\" data-elementor-id=\"30\" class=\"elementor elementor-30\">\n\t\t\t\t<div class=\"elementor-element elementor-element-404a20f4 e-flex e-con-boxed e-con e-parent\" data-id=\"404a20f4\" data-element_type=\"container\">\n\t\t\t\t\t<div class=\"e-con-inner\">\n\t\t\t\t<div class=\"elementor-element elementor-element-6bf44a6f elementor-widget elementor-widget-text-editor\" data-id=\"6bf44a6f\" data-element_type=\"widget\" data-widget_type=\"text-editor.default\">\n\t\t\t\t<div class=\"elementor-widget-container\">\n\t\t\t\t\t\t\t\t\t\n<p>Die n\u00e4chste Veranstaltung inkl. Vortr\u00e4ge findet im Herbst statt! F\u00fcr mehr Informationen setzen Sie sich gerne mit unserem <a href=\"https:\/\/kvo.at\/index.php\/mitglieder\/\" target=\"_blank\" rel=\"noopener\">Vorstand<\/a> in Verbindung.<\/p>\n\t\t\t\t\t\t\t\t<\/div>\n\t\t\t\t<\/div>\n\t\t\t\t\t<\/div>\n\t\t\t\t<\/div>\n\t\t<div class=\"elementor-element elementor-element-a535295 e-flex e-con-boxed e-con e-parent\" data-id=\"a535295\" data-element_type=\"container\">\n\t\t\t\t\t<div class=\"e-con-inner\">\n\t\t\t\t<div class=\"elementor-element elementor-element-5ff67cb elementor-widget elementor-widget-contentviews_widget_overlay1\" data-id=\"5ff67cb\" data-element_type=\"widget\" data-widget_type=\"contentviews_widget_overlay1.default\">\n\t\t\t\t<div class=\"elementor-widget-container\">\n\t\t\t\t\t<div class='pt-cv-wrapper'> <h1 class='pt-cv-heading-container heading1' data-blockid='5ff67cb'><span class='pt-cv-heading'> Vergangene Veranstaltungen <\/span><\/h1><div class=\"pt-cv-view pt-cv-overlaygrid iscvblock iscvelementor overlay1 layout1\" id=\"pt-cv-view-5ff67cb\"><div data-id=\"pt-cv-page-1\" class=\"pt-cv-page\" data-cvc=\"1\"><div class=\" pt-cv-content-item pt-cv-1-col\" ><div class=\"pt-cv-thumb-wrapper  \"><a href=\"https:\/\/kvo.at\/index.php\/2025\/03\/30\/generalversammlung-salzburg\/\" class=\"_self pt-cv-href-thumbnail pt-cv-thumb-default\" target=\"_self\" ><img fetchpriority=\"high\" decoding=\"async\" width=\"1024\" height=\"681\" src=\"https:\/\/kvo.at\/wp-content\/uploads\/2025\/03\/DSC_2764-1024x681.jpg\" class=\"pt-cv-thumbnail\" alt=\"\" \/><\/a><\/div>\n<div class=\"pt-cv-overlay-wrapper\"><div class=\"pt-cv-taxoterm above_title\"><a href='https:\/\/kvo.at\/index.php\/category\/generalversammlungen\/' title='Generalversammlungen' class='pt-cv-tax-generalversammlungen'>Generalversammlungen<\/a><\/div><h4 class=\"pt-cv-title\"><a href=\"https:\/\/kvo.at\/index.php\/2025\/03\/30\/generalversammlung-salzburg\/\" class=\"_self\" target=\"_self\" >Generalversammlung Salzburg<\/a><\/h4><div class=\"pt-cv-meta-fields\"><span class=\"entry-date\"> <time datetime=\"2025-03-30T00:00:57+00:00\">M\u00e4rz 30, 2025<\/time><\/span><\/div><\/div><\/div><\/div><\/div> <\/div> \t\t\t\t<\/div>\n\t\t\t\t<\/div>\n\t\t\t\t\t<\/div>\n\t\t\t\t<\/div>\n\t\t\t\t<\/div>\n\t\t","protected":false},"excerpt":{"rendered":"<p>Die n\u00e4chste Veranstaltung inkl. Vortr\u00e4ge findet im Herbst statt! F\u00fcr mehr Informationen setzen Sie sich gerne mit unserem Vorstand in Verbindung. Vergangene Veranstaltungen Uncategorized Generalversammlung Salzburg M\u00e4rz 30, 2025<\/p>\n","protected":false},"author":3,"featured_media":526,"parent":0,"menu_order":0,"comment_status":"closed","ping_status":"closed","template":"","meta":{"ocean_post_layout":"","ocean_both_sidebars_style":"","ocean_both_sidebars_content_width":0,"ocean_both_sidebars_sidebars_width":0,"ocean_sidebar":"","ocean_second_sidebar":"","ocean_disable_margins":"enable","ocean_add_body_class":"","ocean_shortcode_before_top_bar":"","ocean_shortcode_after_top_bar":"","ocean_shortcode_before_header":"","ocean_shortcode_after_header":"","ocean_has_shortcode":"","ocean_shortcode_after_title":"","ocean_shortcode_before_footer_widgets":"","ocean_shortcode_after_footer_widgets":"","ocean_shortcode_before_footer_bottom":"","ocean_shortcode_after_footer_bottom":"","ocean_display_top_bar":"default","ocean_display_header":"default","ocean_header_style":"","ocean_center_header_left_menu":"","ocean_custom_header_template":"","ocean_custom_logo":0,"ocean_custom_retina_logo":0,"ocean_custom_logo_max_width":0,"ocean_custom_logo_tablet_max_width":0,"ocean_custom_logo_mobile_max_width":0,"ocean_custom_logo_max_height":0,"ocean_custom_logo_tablet_max_height":0,"ocean_custom_logo_mobile_max_height":0,"ocean_header_custom_menu":"","ocean_menu_typo_font_family":"","ocean_menu_typo_font_subset":"","ocean_menu_typo_font_size":0,"ocean_menu_typo_font_size_tablet":0,"ocean_menu_typo_font_size_mobile":0,"ocean_menu_typo_font_size_unit":"px","ocean_menu_typo_font_weight":"","ocean_menu_typo_font_weight_tablet":"","ocean_menu_typo_font_weight_mobile":"","ocean_menu_typo_transform":"","ocean_menu_typo_transform_tablet":"","ocean_menu_typo_transform_mobile":"","ocean_menu_typo_line_height":0,"ocean_menu_typo_line_height_tablet":0,"ocean_menu_typo_line_height_mobile":0,"ocean_menu_typo_line_height_unit":"","ocean_menu_typo_spacing":0,"ocean_menu_typo_spacing_tablet":0,"ocean_menu_typo_spacing_mobile":0,"ocean_menu_typo_spacing_unit":"","ocean_menu_link_color":"","ocean_menu_link_color_hover":"","ocean_menu_link_color_active":"","ocean_menu_link_background":"","ocean_menu_link_hover_background":"","ocean_menu_link_active_background":"","ocean_menu_social_links_bg":"","ocean_menu_social_hover_links_bg":"","ocean_menu_social_links_color":"","ocean_menu_social_hover_links_color":"","ocean_disable_title":"default","ocean_disable_heading":"default","ocean_post_title":"","ocean_post_subheading":"","ocean_post_title_style":"","ocean_post_title_background_color":"","ocean_post_title_background":0,"ocean_post_title_bg_image_position":"","ocean_post_title_bg_image_attachment":"","ocean_post_title_bg_image_repeat":"","ocean_post_title_bg_image_size":"","ocean_post_title_height":0,"ocean_post_title_bg_overlay":0.5,"ocean_post_title_bg_overlay_color":"","ocean_disable_breadcrumbs":"default","ocean_breadcrumbs_color":"","ocean_breadcrumbs_separator_color":"","ocean_breadcrumbs_links_color":"","ocean_breadcrumbs_links_hover_color":"","ocean_display_footer_widgets":"default","ocean_display_footer_bottom":"default","ocean_custom_footer_template":"","footnotes":""},"class_list":["post-30","page","type-page","status-publish","has-post-thumbnail","hentry","entry","has-media"],"yoast_head":"<!-- This site is optimized with the Yoast SEO plugin v25.8 - https:\/\/yoast.com\/wordpress\/plugins\/seo\/ -->\n<title>Aktuelles - Klaviermacherverband \u00d6sterreich<\/title>\n<meta name=\"description\" content=\"Hier findet ihr aktuelles zu unserem Klaviermacherverband! Egal ob Generalversammlungen, Vortr\u00e4ge oder neue Mitglieder - wir nehmen Sie mit!\" \/>\n<meta name=\"robots\" content=\"index, follow, max-snippet:-1, max-image-preview:large, max-video-preview:-1\" \/>\n<link rel=\"canonical\" href=\"https:\/\/kvo.at\/index.php\/aktuelles\/\" \/>\n<meta property=\"og:locale\" content=\"de_DE\" \/>\n<meta property=\"og:type\" content=\"article\" \/>\n<meta property=\"og:title\" content=\"Aktuelles - Klaviermacherverband \u00d6sterreich\" \/>\n<meta property=\"og:description\" content=\"Hier findet ihr aktuelles zu unserem Klaviermacherverband! Egal ob Generalversammlungen, Vortr\u00e4ge oder neue Mitglieder - wir nehmen Sie mit!\" \/>\n<meta property=\"og:url\" content=\"https:\/\/kvo.at\/index.php\/aktuelles\/\" \/>\n<meta property=\"og:site_name\" content=\"Klaviermacherverband \u00d6sterreich\" \/>\n<meta property=\"article:modified_time\" content=\"2025-07-11T11:22:54+00:00\" \/>\n<meta property=\"og:image\" content=\"https:\/\/kvo.at\/wp-content\/uploads\/2025\/06\/DO01007522-scaled.jpg\" \/>\n\t<meta property=\"og:image:width\" content=\"2560\" \/>\n\t<meta property=\"og:image:height\" content=\"1707\" \/>\n\t<meta property=\"og:image:type\" content=\"image\/jpeg\" \/>\n<meta name=\"twitter:card\" content=\"summary_large_image\" \/>\n<meta name=\"twitter:label1\" content=\"Gesch\u00e4tzte Lesezeit\" \/>\n\t<meta name=\"twitter:data1\" content=\"1 Minute\" \/>\n<script type=\"application\/ld+json\" class=\"yoast-schema-graph\">{\"@context\":\"https:\/\/schema.org\",\"@graph\":[{\"@type\":\"WebPage\",\"@id\":\"https:\/\/kvo.at\/index.php\/aktuelles\/\",\"url\":\"https:\/\/kvo.at\/index.php\/aktuelles\/\",\"name\":\"Aktuelles - Klaviermacherverband \u00d6sterreich\",\"isPartOf\":{\"@id\":\"https:\/\/kvo.at\/#website\"},\"primaryImageOfPage\":{\"@id\":\"https:\/\/kvo.at\/index.php\/aktuelles\/#primaryimage\"},\"image\":{\"@id\":\"https:\/\/kvo.at\/index.php\/aktuelles\/#primaryimage\"},\"thumbnailUrl\":\"https:\/\/kvo.at\/wp-content\/uploads\/2025\/06\/DO01007522-scaled.jpg\",\"datePublished\":\"2025-04-29T14:06:39+00:00\",\"dateModified\":\"2025-07-11T11:22:54+00:00\",\"description\":\"Hier findet ihr aktuelles zu unserem Klaviermacherverband! Egal ob Generalversammlungen, Vortr\u00e4ge oder neue Mitglieder - wir nehmen Sie mit!\",\"breadcrumb\":{\"@id\":\"https:\/\/kvo.at\/index.php\/aktuelles\/#breadcrumb\"},\"inLanguage\":\"de-AT\",\"potentialAction\":[{\"@type\":\"ReadAction\",\"target\":[\"https:\/\/kvo.at\/index.php\/aktuelles\/\"]}]},{\"@type\":\"ImageObject\",\"inLanguage\":\"de-AT\",\"@id\":\"https:\/\/kvo.at\/index.php\/aktuelles\/#primaryimage\",\"url\":\"https:\/\/kvo.at\/wp-content\/uploads\/2025\/06\/DO01007522-scaled.jpg\",\"contentUrl\":\"https:\/\/kvo.at\/wp-content\/uploads\/2025\/06\/DO01007522-scaled.jpg\",\"width\":2560,\"height\":1707},{\"@type\":\"BreadcrumbList\",\"@id\":\"https:\/\/kvo.at\/index.php\/aktuelles\/#breadcrumb\",\"itemListElement\":[{\"@type\":\"ListItem\",\"position\":1,\"name\":\"Startseite\",\"item\":\"https:\/\/kvo.at\/\"},{\"@type\":\"ListItem\",\"position\":2,\"name\":\"Aktuelles\"}]},{\"@type\":\"WebSite\",\"@id\":\"https:\/\/kvo.at\/#website\",\"url\":\"https:\/\/kvo.at\/\",\"name\":\"Klaviermacherverband \u00d6sterreich\",\"description\":\"\",\"publisher\":{\"@id\":\"https:\/\/kvo.at\/#organization\"},\"potentialAction\":[{\"@type\":\"SearchAction\",\"target\":{\"@type\":\"EntryPoint\",\"urlTemplate\":\"https:\/\/kvo.at\/?s={search_term_string}\"},\"query-input\":{\"@type\":\"PropertyValueSpecification\",\"valueRequired\":true,\"valueName\":\"search_term_string\"}}],\"inLanguage\":\"de-AT\"},{\"@type\":\"Organization\",\"@id\":\"https:\/\/kvo.at\/#organization\",\"name\":\"Klaviermacherverband \u00d6sterreich\",\"url\":\"https:\/\/kvo.at\/\",\"logo\":{\"@type\":\"ImageObject\",\"inLanguage\":\"de-AT\",\"@id\":\"https:\/\/kvo.at\/#\/schema\/logo\/image\/\",\"url\":\"https:\/\/kvo.at\/wp-content\/uploads\/2025\/04\/cropped-KVO-logo-scaled-1.png\",\"contentUrl\":\"https:\/\/kvo.at\/wp-content\/uploads\/2025\/04\/cropped-KVO-logo-scaled-1.png\",\"width\":2559,\"height\":1587,\"caption\":\"Klaviermacherverband \u00d6sterreich\"},\"image\":{\"@id\":\"https:\/\/kvo.at\/#\/schema\/logo\/image\/\"}}]}<\/script>\n<!-- \/ Yoast SEO plugin. -->","yoast_head_json":{"title":"Aktuelles - Klaviermacherverband \u00d6sterreich","description":"Hier findet ihr aktuelles zu unserem Klaviermacherverband! Egal ob Generalversammlungen, Vortr\u00e4ge oder neue Mitglieder - wir nehmen Sie mit!","robots":{"index":"index","follow":"follow","max-snippet":"max-snippet:-1","max-image-preview":"max-image-preview:large","max-video-preview":"max-video-preview:-1"},"canonical":"https:\/\/kvo.at\/index.php\/aktuelles\/","og_locale":"de_DE","og_type":"article","og_title":"Aktuelles - Klaviermacherverband \u00d6sterreich","og_description":"Hier findet ihr aktuelles zu unserem Klaviermacherverband! Egal ob Generalversammlungen, Vortr\u00e4ge oder neue Mitglieder - wir nehmen Sie mit!","og_url":"https:\/\/kvo.at\/index.php\/aktuelles\/","og_site_name":"Klaviermacherverband \u00d6sterreich","article_modified_time":"2025-07-11T11:22:54+00:00","og_image":[{"width":2560,"height":1707,"url":"https:\/\/kvo.at\/wp-content\/uploads\/2025\/06\/DO01007522-scaled.jpg","type":"image\/jpeg"}],"twitter_card":"summary_large_image","twitter_misc":{"Gesch\u00e4tzte Lesezeit":"1 Minute"},"schema":{"@context":"https:\/\/schema.org","@graph":[{"@type":"WebPage","@id":"https:\/\/kvo.at\/index.php\/aktuelles\/","url":"https:\/\/kvo.at\/index.php\/aktuelles\/","name":"Aktuelles - Klaviermacherverband \u00d6sterreich","isPartOf":{"@id":"https:\/\/kvo.at\/#website"},"primaryImageOfPage":{"@id":"https:\/\/kvo.at\/index.php\/aktuelles\/#primaryimage"},"image":{"@id":"https:\/\/kvo.at\/index.php\/aktuelles\/#primaryimage"},"thumbnailUrl":"https:\/\/kvo.at\/wp-content\/uploads\/2025\/06\/DO01007522-scaled.jpg","datePublished":"2025-04-29T14:06:39+00:00","dateModified":"2025-07-11T11:22:54+00:00","description":"Hier findet ihr aktuelles zu unserem Klaviermacherverband! Egal ob Generalversammlungen, Vortr\u00e4ge oder neue Mitglieder - wir nehmen Sie mit!","breadcrumb":{"@id":"https:\/\/kvo.at\/index.php\/aktuelles\/#breadcrumb"},"inLanguage":"de-AT","potentialAction":[{"@type":"ReadAction","target":["https:\/\/kvo.at\/index.php\/aktuelles\/"]}]},{"@type":"ImageObject","inLanguage":"de-AT","@id":"https:\/\/kvo.at\/index.php\/aktuelles\/#primaryimage","url":"https:\/\/kvo.at\/wp-content\/uploads\/2025\/06\/DO01007522-scaled.jpg","contentUrl":"https:\/\/kvo.at\/wp-content\/uploads\/2025\/06\/DO01007522-scaled.jpg","width":2560,"height":1707},{"@type":"BreadcrumbList","@id":"https:\/\/kvo.at\/index.php\/aktuelles\/#breadcrumb","itemListElement":[{"@type":"ListItem","position":1,"name":"Startseite","item":"https:\/\/kvo.at\/"},{"@type":"ListItem","position":2,"name":"Aktuelles"}]},{"@type":"WebSite","@id":"https:\/\/kvo.at\/#website","url":"https:\/\/kvo.at\/","name":"Klaviermacherverband \u00d6sterreich","description":"","publisher":{"@id":"https:\/\/kvo.at\/#organization"},"potentialAction":[{"@type":"SearchAction","target":{"@type":"EntryPoint","urlTemplate":"https:\/\/kvo.at\/?s={search_term_string}"},"query-input":{"@type":"PropertyValueSpecification","valueRequired":true,"valueName":"search_term_string"}}],"inLanguage":"de-AT"},{"@type":"Organization","@id":"https:\/\/kvo.at\/#organization","name":"Klaviermacherverband \u00d6sterreich","url":"https:\/\/kvo.at\/","logo":{"@type":"ImageObject","inLanguage":"de-AT","@id":"https:\/\/kvo.at\/#\/schema\/logo\/image\/","url":"https:\/\/kvo.at\/wp-content\/uploads\/2025\/04\/cropped-KVO-logo-scaled-1.png","contentUrl":"https:\/\/kvo.at\/wp-content\/uploads\/2025\/04\/cropped-KVO-logo-scaled-1.png","width":2559,"height":1587,"caption":"Klaviermacherverband \u00d6sterreich"},"image":{"@id":"https:\/\/kvo.at\/#\/schema\/logo\/image\/"}}]}},"_links":{"self":[{"href":"https:\/\/kvo.at\/index.php\/wp-json\/wp\/v2\/pages\/30","targetHints":{"allow":["GET"]}}],"collection":[{"href":"https:\/\/kvo.at\/index.php\/wp-json\/wp\/v2\/pages"}],"about":[{"href":"https:\/\/kvo.at\/index.php\/wp-json\/wp\/v2\/types\/page"}],"author":[{"embeddable":true,"href":"https:\/\/kvo.at\/index.php\/wp-json\/wp\/v2\/users\/3"}],"replies":[{"embeddable":true,"href":"https:\/\/kvo.at\/index.php\/wp-json\/wp\/v2\/comments?post=30"}],"version-history":[{"count":8,"href":"https:\/\/kvo.at\/index.php\/wp-json\/wp\/v2\/pages\/30\/revisions"}],"predecessor-version":[{"id":677,"href":"https:\/\/kvo.at\/index.php\/wp-json\/wp\/v2\/pages\/30\/revisions\/677"}],"wp:featuredmedia":[{"embeddable":true,"href":"https:\/\/kvo.at\/index.php\/wp-json\/wp\/v2\/media\/526"}],"wp:attachment":[{"href":"https:\/\/kvo.at\/index.php\/wp-json\/wp\/v2\/media?parent=30"}],"curies":[{"name":"wp","href":"https:\/\/api.w.org\/{rel}","templated":true}]}}