{"id":224,"date":"2025-05-14T11:03:28","date_gmt":"2025-05-14T11:03:28","guid":{"rendered":"https:\/\/kvo.at\/?page_id=224"},"modified":"2025-08-20T10:48:49","modified_gmt":"2025-08-20T10:48:49","slug":"salzburg","status":"publish","type":"page","link":"https:\/\/kvo.at\/index.php\/mitglieder\/salzburg\/","title":{"rendered":"Salzburg"},"content":{"rendered":"\t\t<div data-elementor-type=\"wp-page\" data-elementor-id=\"224\" class=\"elementor elementor-224\">\n\t\t\t\t<div class=\"elementor-element elementor-element-0782f87 e-flex e-con-boxed e-con e-parent\" data-id=\"0782f87\" data-element_type=\"container\">\n\t\t\t\t\t<div class=\"e-con-inner\">\n\t\t\t\t<div class=\"elementor-element elementor-element-0a633cc elementor-widget elementor-widget-heading\" data-id=\"0a633cc\" data-element_type=\"widget\" data-widget_type=\"heading.default\">\n\t\t\t\t<div class=\"elementor-widget-container\">\n\t\t\t\t\t<h2 class=\"elementor-heading-title elementor-size-default\">Salzburg<\/h2>\t\t\t\t<\/div>\n\t\t\t\t<\/div>\n\t\t\t\t\t<\/div>\n\t\t\t\t<\/div>\n\t\t<div class=\"elementor-element elementor-element-abca08a e-flex e-con-boxed e-con e-parent\" data-id=\"abca08a\" data-element_type=\"container\">\n\t\t\t\t\t<div class=\"e-con-inner\">\n\t\t\t\t<div class=\"elementor-element elementor-element-83389bb elementor-widget__width-initial elementor-widget elementor-widget-text-editor\" data-id=\"83389bb\" data-element_type=\"widget\" data-widget_type=\"text-editor.default\">\n\t\t\t\t<div class=\"elementor-widget-container\">\n\t\t\t\t\t\t\t\t\t<p><strong data-start=\"75\" data-end=\"93\">Walter Bittner<\/strong> ist ein gesch\u00e4tzter Experte in der Klavierstimmung und -technik mit langj\u00e4hriger praktischer Erfahrung in Salzburg. Seine T\u00e4tigkeit an der <a href=\"https:\/\/www.moz.ac.at\/de\" target=\"_blank\" rel=\"noopener\">Universit\u00e4t Mozarteum<\/a> erm\u00f6glicht ihm, sein Wissen auch an junge Talente weiterzugeben und die n\u00e4chste Generation von Klavierexperten auszubilden. Dar\u00fcber hinaus ist er 1. stellvertretender Vorsitzender und Schriftf\u00fchrer des <a href=\"https:\/\/kvo.at\/index.php\/mitglieder\/\" target=\"_blank\" rel=\"noopener\">KVO Vorstands<\/a>.<\/p>\n<p><strong data-start=\"373\" data-end=\"388\">Piano Fuchs<\/strong> hat sich als renommierter Betrieb f\u00fcr Klavierverkauf, Reparaturen und Restaurierungen etabliert. Der Betrieb verbindet traditionelle Handwerkskunst mit moderner Technik, um h\u00f6chste Qualit\u00e4t bei allen Arbeiten zu gew\u00e4hrleisten.<\/p>\n<p><strong data-start=\"674\" data-end=\"689\">Franz Nistl<\/strong> z\u00e4hlt zu den erfahrensten Klaviermachermeistern und genie\u00dft hohes Ansehen f\u00fcr seine sorgf\u00e4ltige Arbeit. Seine langj\u00e4hrige Betreuung der Klaviere bei den Salzburger Festspielen und der Stiftung Mozarteum tr\u00e4gt entscheidend zum reibungslosen Ablauf dieser bedeutenden Veranstaltungen bei.<\/p>\t\t\t\t\t\t\t\t<\/div>\n\t\t\t\t<\/div>\n\t\t\t\t\t<\/div>\n\t\t\t\t<\/div>\n\t\t<div class=\"elementor-element elementor-element-be802b7 e-flex e-con-boxed e-con e-parent\" data-id=\"be802b7\" data-element_type=\"container\">\n\t\t\t\t\t<div class=\"e-con-inner\">\n\t\t\t\t<div class=\"elementor-element elementor-element-e864c7c elementor-widget-divider--view-line elementor-widget elementor-widget-divider\" data-id=\"e864c7c\" data-element_type=\"widget\" data-widget_type=\"divider.default\">\n\t\t\t\t<div class=\"elementor-widget-container\">\n\t\t\t\t\t\t\t<div class=\"elementor-divider\">\n\t\t\t<span class=\"elementor-divider-separator\">\n\t\t\t\t\t\t<\/span>\n\t\t<\/div>\n\t\t\t\t\t\t<\/div>\n\t\t\t\t<\/div>\n\t\t\t\t\t<\/div>\n\t\t\t\t<\/div>\n\t\t<div class=\"elementor-element elementor-element-ae4dced e-flex e-con-boxed e-con e-parent\" data-id=\"ae4dced\" data-element_type=\"container\">\n\t\t\t\t\t<div class=\"e-con-inner\">\n\t\t<div class=\"elementor-element elementor-element-00bb952 e-con-full e-flex e-con e-child\" data-id=\"00bb952\" data-element_type=\"container\">\n\t\t<div class=\"elementor-element elementor-element-d69752b e-con-full e-flex e-con e-child\" data-id=\"d69752b\" data-element_type=\"container\">\n\t\t\t\t<div class=\"elementor-element elementor-element-b5db8cc elementor-widget elementor-widget-heading\" data-id=\"b5db8cc\" data-element_type=\"widget\" data-widget_type=\"heading.default\">\n\t\t\t\t<div class=\"elementor-widget-container\">\n\t\t\t\t\t<h3 class=\"elementor-heading-title elementor-size-default\">Walter Bittner<\/h3>\t\t\t\t<\/div>\n\t\t\t\t<\/div>\n\t\t\t\t<div class=\"elementor-element elementor-element-26a6455 elementor-widget elementor-widget-text-editor\" data-id=\"26a6455\" data-element_type=\"widget\" data-widget_type=\"text-editor.default\">\n\t\t\t\t<div class=\"elementor-widget-container\">\n\t\t\t\t\t\t\t\t\t<p>Vinzenz-Maria-S\u00fc\u00df-Str. 6, 5020 Salzburg<br \/><a href=\"mailto:walter.bittner@moz.ac.at\" target=\"_blank\" rel=\"noopener\">walter.bittner@moz.ac.at<\/a><span style=\"font-family: Roboto, sans-serif; font-size: 14px; font-style: normal; font-variant-ligatures: normal; font-variant-caps: normal; font-weight: 400;\"><br \/><\/span><a href=\"https:\/\/klavierbittner.members.cablelink.at\/\" target=\"_blank\" rel=\"noopener\">klavierbittner.members.cablelink.at<\/a><\/p>\t\t\t\t\t\t\t\t<\/div>\n\t\t\t\t<\/div>\n\t\t\t\t<\/div>\n\t\t\t\t<\/div>\n\t\t<div class=\"elementor-element elementor-element-8fa5f04 e-con-full e-flex e-con e-child\" data-id=\"8fa5f04\" data-element_type=\"container\">\n\t\t<div class=\"elementor-element elementor-element-d6b4318 e-con-full e-flex e-con e-child\" data-id=\"d6b4318\" data-element_type=\"container\">\n\t\t\t\t<div class=\"elementor-element elementor-element-2b848c4 elementor-widget elementor-widget-heading\" data-id=\"2b848c4\" data-element_type=\"widget\" data-widget_type=\"heading.default\">\n\t\t\t\t<div class=\"elementor-widget-container\">\n\t\t\t\t\t<h3 class=\"elementor-heading-title elementor-size-default\">Piano Fuchs<\/h3>\t\t\t\t<\/div>\n\t\t\t\t<\/div>\n\t\t\t\t<div class=\"elementor-element elementor-element-ee72742 elementor-widget elementor-widget-text-editor\" data-id=\"ee72742\" data-element_type=\"widget\" data-widget_type=\"text-editor.default\">\n\t\t\t\t<div class=\"elementor-widget-container\">\n\t\t\t\t\t\t\t\t\t<p><span style=\"font-family: Roboto, sans-serif; font-size: 14px; font-style: normal; font-variant-ligatures: normal; font-variant-caps: normal; font-weight: 400; text-align: center; white-space-collapse: preserve;\">Kirchenstrasse 37<\/span>, 5020 Salzburg<br \/><a href=\"mailto:office@pianofuchs.at\" target=\"_blank\" rel=\"noopener\" data-track-event=\"click\" data-track-action=\"email_link\">office@pianofuchs.at<\/a><br \/><a href=\"https:\/\/www.pianofuchs.at\/\" target=\"_blank\" rel=\"noopener\">www.pianofuchs.at<\/a><\/p>\t\t\t\t\t\t\t\t<\/div>\n\t\t\t\t<\/div>\n\t\t\t\t<\/div>\n\t\t\t\t<\/div>\n\t\t<div class=\"elementor-element elementor-element-c9ef308 e-con-full e-flex e-con e-child\" data-id=\"c9ef308\" data-element_type=\"container\">\n\t\t<div class=\"elementor-element elementor-element-c7219d0 e-con-full e-flex e-con e-child\" data-id=\"c7219d0\" data-element_type=\"container\">\n\t\t\t\t<div class=\"elementor-element elementor-element-4b372be elementor-widget elementor-widget-heading\" data-id=\"4b372be\" data-element_type=\"widget\" data-widget_type=\"heading.default\">\n\t\t\t\t<div class=\"elementor-widget-container\">\n\t\t\t\t\t<h3 class=\"elementor-heading-title elementor-size-default\">Franz Nistl<\/h3>\t\t\t\t<\/div>\n\t\t\t\t<\/div>\n\t\t\t\t<div class=\"elementor-element elementor-element-7a365c9 elementor-widget elementor-widget-text-editor\" data-id=\"7a365c9\" data-element_type=\"widget\" data-widget_type=\"text-editor.default\">\n\t\t\t\t<div class=\"elementor-widget-container\">\n\t\t\t\t\t\t\t\t\t<p>Ignaz-Harrer-Str. 98\/1 , 5020 Salzburg<br \/><a href=\"mailto:franz@nistl.com tasten@aon.at\" target=\"_blank\" rel=\"noopener\">franz@nistl.com tasten@aon.at<br \/><\/a><span style=\"font-family: Roboto, sans-serif; font-size: 14px; font-style: normal; font-variant-ligatures: normal; font-variant-caps: normal; font-weight: 400;\"><br \/><\/span><\/p>\t\t\t\t\t\t\t\t<\/div>\n\t\t\t\t<\/div>\n\t\t\t\t<\/div>\n\t\t\t\t<\/div>\n\t\t\t\t\t<\/div>\n\t\t\t\t<\/div>\n\t\t<div class=\"elementor-element elementor-element-be0c5f8 e-flex e-con-boxed e-con e-parent\" data-id=\"be0c5f8\" data-element_type=\"container\">\n\t\t\t\t\t<div class=\"e-con-inner\">\n\t\t<div class=\"elementor-element elementor-element-600fdef e-con-full e-flex e-con e-child\" data-id=\"600fdef\" data-element_type=\"container\">\n\t\t\t\t<div class=\"elementor-element elementor-element-cf4dd49 elementor-widget__width-initial elementor-widget elementor-widget-image\" data-id=\"cf4dd49\" data-element_type=\"widget\" data-widget_type=\"image.default\">\n\t\t\t\t<div class=\"elementor-widget-container\">\n\t\t\t\t\t\t\t\t\t\t\t\t\t\t\t<img fetchpriority=\"high\" decoding=\"async\" width=\"1024\" height=\"683\" src=\"https:\/\/kvo.at\/wp-content\/uploads\/2025\/05\/DSC03430-1024x683.jpg\" class=\"attachment-large size-large wp-image-114\" alt=\"Salzburg\" srcset=\"https:\/\/kvo.at\/wp-content\/uploads\/2025\/05\/DSC03430-1024x683.jpg 1024w, https:\/\/kvo.at\/wp-content\/uploads\/2025\/05\/DSC03430-300x200.jpg 300w, https:\/\/kvo.at\/wp-content\/uploads\/2025\/05\/DSC03430-768x512.jpg 768w, https:\/\/kvo.at\/wp-content\/uploads\/2025\/05\/DSC03430-1536x1024.jpg 1536w, https:\/\/kvo.at\/wp-content\/uploads\/2025\/05\/DSC03430-2048x1365.jpg 2048w\" sizes=\"(max-width: 1024px) 100vw, 1024px\" \/>\t\t\t\t\t\t\t\t\t\t\t\t\t\t\t<\/div>\n\t\t\t\t<\/div>\n\t\t\t\t<\/div>\n\t\t<div class=\"elementor-element elementor-element-789e634 e-con-full e-flex e-con e-child\" data-id=\"789e634\" data-element_type=\"container\">\n\t\t\t\t<div class=\"elementor-element elementor-element-e38db3b elementor-widget elementor-widget-image\" data-id=\"e38db3b\" data-element_type=\"widget\" data-widget_type=\"image.default\">\n\t\t\t\t<div class=\"elementor-widget-container\">\n\t\t\t\t\t\t\t\t\t\t\t\t\t\t\t<img decoding=\"async\" width=\"630\" height=\"450\" src=\"https:\/\/kvo.at\/wp-content\/uploads\/2025\/05\/Teaser-Instrumente.jpg\" class=\"attachment-medium_large size-medium_large wp-image-242\" alt=\"\" srcset=\"https:\/\/kvo.at\/wp-content\/uploads\/2025\/05\/Teaser-Instrumente.jpg 630w, https:\/\/kvo.at\/wp-content\/uploads\/2025\/05\/Teaser-Instrumente-300x214.jpg 300w\" sizes=\"(max-width: 630px) 100vw, 630px\" \/>\t\t\t\t\t\t\t\t\t\t\t\t\t\t\t<\/div>\n\t\t\t\t<\/div>\n\t\t\t\t<\/div>\n\t\t<div class=\"elementor-element elementor-element-0627743 e-con-full e-flex e-con e-child\" data-id=\"0627743\" data-element_type=\"container\">\n\t\t\t\t<div class=\"elementor-element elementor-element-825d676 elementor-widget elementor-widget-image\" data-id=\"825d676\" data-element_type=\"widget\" data-widget_type=\"image.default\">\n\t\t\t\t<div class=\"elementor-widget-container\">\n\t\t\t\t\t\t\t\t\t\t\t\t\t\t\t<img decoding=\"async\" width=\"500\" height=\"361\" src=\"https:\/\/kvo.at\/wp-content\/uploads\/2025\/05\/unnamed.jpg\" class=\"attachment-medium_large size-medium_large wp-image-268\" alt=\"\" srcset=\"https:\/\/kvo.at\/wp-content\/uploads\/2025\/05\/unnamed.jpg 500w, https:\/\/kvo.at\/wp-content\/uploads\/2025\/05\/unnamed-300x217.jpg 300w\" sizes=\"(max-width: 500px) 100vw, 500px\" \/>\t\t\t\t\t\t\t\t\t\t\t\t\t\t\t<\/div>\n\t\t\t\t<\/div>\n\t\t\t\t<\/div>\n\t\t\t\t\t<\/div>\n\t\t\t\t<\/div>\n\t\t\t\t<\/div>\n\t\t","protected":false},"excerpt":{"rendered":"<p>Salzburg Walter Bittner ist ein gesch\u00e4tzter Experte in der Klavierstimmung und -technik mit langj\u00e4hriger praktischer Erfahrung in Salzburg. Seine T\u00e4tigkeit an der Universit\u00e4t Mozarteum erm\u00f6glicht ihm, sein Wissen auch an junge Talente weiterzugeben und die n\u00e4chste Generation von Klavierexperten auszubilden. Dar\u00fcber hinaus ist er 1. stellvertretender Vorsitzender und Schriftf\u00fchrer des KVO Vorstands. Piano Fuchs hat [&hellip;]<\/p>\n","protected":false},"author":3,"featured_media":689,"parent":28,"menu_order":3,"comment_status":"closed","ping_status":"closed","template":"","meta":{"ocean_post_layout":"","ocean_both_sidebars_style":"","ocean_both_sidebars_content_width":0,"ocean_both_sidebars_sidebars_width":0,"ocean_sidebar":"","ocean_second_sidebar":"","ocean_disable_margins":"enable","ocean_add_body_class":"","ocean_shortcode_before_top_bar":"","ocean_shortcode_after_top_bar":"","ocean_shortcode_before_header":"","ocean_shortcode_after_header":"","ocean_has_shortcode":"","ocean_shortcode_after_title":"","ocean_shortcode_before_footer_widgets":"","ocean_shortcode_after_footer_widgets":"","ocean_shortcode_before_footer_bottom":"","ocean_shortcode_after_footer_bottom":"","ocean_display_top_bar":"default","ocean_display_header":"default","ocean_header_style":"","ocean_center_header_left_menu":"","ocean_custom_header_template":"","ocean_custom_logo":0,"ocean_custom_retina_logo":0,"ocean_custom_logo_max_width":0,"ocean_custom_logo_tablet_max_width":0,"ocean_custom_logo_mobile_max_width":0,"ocean_custom_logo_max_height":0,"ocean_custom_logo_tablet_max_height":0,"ocean_custom_logo_mobile_max_height":0,"ocean_header_custom_menu":"","ocean_menu_typo_font_family":"","ocean_menu_typo_font_subset":"","ocean_menu_typo_font_size":0,"ocean_menu_typo_font_size_tablet":0,"ocean_menu_typo_font_size_mobile":0,"ocean_menu_typo_font_size_unit":"px","ocean_menu_typo_font_weight":"","ocean_menu_typo_font_weight_tablet":"","ocean_menu_typo_font_weight_mobile":"","ocean_menu_typo_transform":"","ocean_menu_typo_transform_tablet":"","ocean_menu_typo_transform_mobile":"","ocean_menu_typo_line_height":0,"ocean_menu_typo_line_height_tablet":0,"ocean_menu_typo_line_height_mobile":0,"ocean_menu_typo_line_height_unit":"","ocean_menu_typo_spacing":0,"ocean_menu_typo_spacing_tablet":0,"ocean_menu_typo_spacing_mobile":0,"ocean_menu_typo_spacing_unit":"","ocean_menu_link_color":"","ocean_menu_link_color_hover":"","ocean_menu_link_color_active":"","ocean_menu_link_background":"","ocean_menu_link_hover_background":"","ocean_menu_link_active_background":"","ocean_menu_social_links_bg":"","ocean_menu_social_hover_links_bg":"","ocean_menu_social_links_color":"","ocean_menu_social_hover_links_color":"","ocean_disable_title":"default","ocean_disable_heading":"default","ocean_post_title":"","ocean_post_subheading":"","ocean_post_title_style":"","ocean_post_title_background_color":"","ocean_post_title_background":0,"ocean_post_title_bg_image_position":"","ocean_post_title_bg_image_attachment":"","ocean_post_title_bg_image_repeat":"","ocean_post_title_bg_image_size":"","ocean_post_title_height":0,"ocean_post_title_bg_overlay":0.5,"ocean_post_title_bg_overlay_color":"","ocean_disable_breadcrumbs":"default","ocean_breadcrumbs_color":"","ocean_breadcrumbs_separator_color":"","ocean_breadcrumbs_links_color":"","ocean_breadcrumbs_links_hover_color":"","ocean_display_footer_widgets":"default","ocean_display_footer_bottom":"default","ocean_custom_footer_template":"","footnotes":""},"class_list":["post-224","page","type-page","status-publish","has-post-thumbnail","hentry","entry","has-media"],"yoast_head":"<!-- This site is optimized with the Yoast SEO plugin v25.8 - https:\/\/yoast.com\/wordpress\/plugins\/seo\/ -->\n<title>Salzburg - Klaviermacherverband \u00d6sterreich<\/title>\n<meta name=\"description\" content=\"In Salzburg pr\u00e4gen erfahrene Klavierstimmer, traditionsreiche Klavierh\u00e4user und langj\u00e4hrige Klaviermachermeister die lokale Klavierbaukultur.\" \/>\n<meta name=\"robots\" content=\"index, follow, max-snippet:-1, max-image-preview:large, max-video-preview:-1\" \/>\n<link rel=\"canonical\" href=\"https:\/\/kvo.at\/index.php\/mitglieder\/salzburg\/\" \/>\n<meta property=\"og:locale\" content=\"de_DE\" \/>\n<meta property=\"og:type\" content=\"article\" \/>\n<meta property=\"og:title\" content=\"Salzburg - Klaviermacherverband \u00d6sterreich\" \/>\n<meta property=\"og:description\" content=\"In Salzburg pr\u00e4gen erfahrene Klavierstimmer, traditionsreiche Klavierh\u00e4user und langj\u00e4hrige Klaviermachermeister die lokale Klavierbaukultur.\" \/>\n<meta property=\"og:url\" content=\"https:\/\/kvo.at\/index.php\/mitglieder\/salzburg\/\" \/>\n<meta property=\"og:site_name\" content=\"Klaviermacherverband \u00d6sterreich\" \/>\n<meta property=\"article:modified_time\" content=\"2025-08-20T10:48:49+00:00\" \/>\n<meta property=\"og:image\" content=\"https:\/\/kvo.at\/wp-content\/uploads\/2025\/06\/zeitlinger-reportage-8-scaled.jpg\" \/>\n\t<meta property=\"og:image:width\" content=\"2560\" \/>\n\t<meta property=\"og:image:height\" content=\"1707\" \/>\n\t<meta property=\"og:image:type\" content=\"image\/jpeg\" \/>\n<meta name=\"twitter:card\" content=\"summary_large_image\" \/>\n<meta name=\"twitter:label1\" content=\"Gesch\u00e4tzte Lesezeit\" \/>\n\t<meta name=\"twitter:data1\" content=\"2 Minuten\" \/>\n<script type=\"application\/ld+json\" class=\"yoast-schema-graph\">{\"@context\":\"https:\/\/schema.org\",\"@graph\":[{\"@type\":\"WebPage\",\"@id\":\"https:\/\/kvo.at\/index.php\/mitglieder\/salzburg\/\",\"url\":\"https:\/\/kvo.at\/index.php\/mitglieder\/salzburg\/\",\"name\":\"Salzburg - Klaviermacherverband \u00d6sterreich\",\"isPartOf\":{\"@id\":\"https:\/\/kvo.at\/#website\"},\"primaryImageOfPage\":{\"@id\":\"https:\/\/kvo.at\/index.php\/mitglieder\/salzburg\/#primaryimage\"},\"image\":{\"@id\":\"https:\/\/kvo.at\/index.php\/mitglieder\/salzburg\/#primaryimage\"},\"thumbnailUrl\":\"https:\/\/kvo.at\/wp-content\/uploads\/2025\/06\/zeitlinger-reportage-8-scaled.jpg\",\"datePublished\":\"2025-05-14T11:03:28+00:00\",\"dateModified\":\"2025-08-20T10:48:49+00:00\",\"description\":\"In Salzburg pr\u00e4gen erfahrene Klavierstimmer, traditionsreiche Klavierh\u00e4user und langj\u00e4hrige Klaviermachermeister die lokale Klavierbaukultur.\",\"breadcrumb\":{\"@id\":\"https:\/\/kvo.at\/index.php\/mitglieder\/salzburg\/#breadcrumb\"},\"inLanguage\":\"de-AT\",\"potentialAction\":[{\"@type\":\"ReadAction\",\"target\":[\"https:\/\/kvo.at\/index.php\/mitglieder\/salzburg\/\"]}]},{\"@type\":\"ImageObject\",\"inLanguage\":\"de-AT\",\"@id\":\"https:\/\/kvo.at\/index.php\/mitglieder\/salzburg\/#primaryimage\",\"url\":\"https:\/\/kvo.at\/wp-content\/uploads\/2025\/06\/zeitlinger-reportage-8-scaled.jpg\",\"contentUrl\":\"https:\/\/kvo.at\/wp-content\/uploads\/2025\/06\/zeitlinger-reportage-8-scaled.jpg\",\"width\":2560,\"height\":1707,\"caption\":\"Reportage in einer Werkst\u00e4tte eines Klavierbauers\"},{\"@type\":\"BreadcrumbList\",\"@id\":\"https:\/\/kvo.at\/index.php\/mitglieder\/salzburg\/#breadcrumb\",\"itemListElement\":[{\"@type\":\"ListItem\",\"position\":1,\"name\":\"Startseite\",\"item\":\"https:\/\/kvo.at\/\"},{\"@type\":\"ListItem\",\"position\":2,\"name\":\"Mitglieder\",\"item\":\"https:\/\/kvo.at\/index.php\/mitglieder\/\"},{\"@type\":\"ListItem\",\"position\":3,\"name\":\"Salzburg\"}]},{\"@type\":\"WebSite\",\"@id\":\"https:\/\/kvo.at\/#website\",\"url\":\"https:\/\/kvo.at\/\",\"name\":\"Klaviermacherverband \u00d6sterreich\",\"description\":\"\",\"publisher\":{\"@id\":\"https:\/\/kvo.at\/#organization\"},\"potentialAction\":[{\"@type\":\"SearchAction\",\"target\":{\"@type\":\"EntryPoint\",\"urlTemplate\":\"https:\/\/kvo.at\/?s={search_term_string}\"},\"query-input\":{\"@type\":\"PropertyValueSpecification\",\"valueRequired\":true,\"valueName\":\"search_term_string\"}}],\"inLanguage\":\"de-AT\"},{\"@type\":\"Organization\",\"@id\":\"https:\/\/kvo.at\/#organization\",\"name\":\"Klaviermacherverband \u00d6sterreich\",\"url\":\"https:\/\/kvo.at\/\",\"logo\":{\"@type\":\"ImageObject\",\"inLanguage\":\"de-AT\",\"@id\":\"https:\/\/kvo.at\/#\/schema\/logo\/image\/\",\"url\":\"https:\/\/kvo.at\/wp-content\/uploads\/2025\/04\/cropped-KVO-logo-scaled-1.png\",\"contentUrl\":\"https:\/\/kvo.at\/wp-content\/uploads\/2025\/04\/cropped-KVO-logo-scaled-1.png\",\"width\":2559,\"height\":1587,\"caption\":\"Klaviermacherverband \u00d6sterreich\"},\"image\":{\"@id\":\"https:\/\/kvo.at\/#\/schema\/logo\/image\/\"}}]}<\/script>\n<!-- \/ Yoast SEO plugin. -->","yoast_head_json":{"title":"Salzburg - Klaviermacherverband \u00d6sterreich","description":"In Salzburg pr\u00e4gen erfahrene Klavierstimmer, traditionsreiche Klavierh\u00e4user und langj\u00e4hrige Klaviermachermeister die lokale Klavierbaukultur.","robots":{"index":"index","follow":"follow","max-snippet":"max-snippet:-1","max-image-preview":"max-image-preview:large","max-video-preview":"max-video-preview:-1"},"canonical":"https:\/\/kvo.at\/index.php\/mitglieder\/salzburg\/","og_locale":"de_DE","og_type":"article","og_title":"Salzburg - Klaviermacherverband \u00d6sterreich","og_description":"In Salzburg pr\u00e4gen erfahrene Klavierstimmer, traditionsreiche Klavierh\u00e4user und langj\u00e4hrige Klaviermachermeister die lokale Klavierbaukultur.","og_url":"https:\/\/kvo.at\/index.php\/mitglieder\/salzburg\/","og_site_name":"Klaviermacherverband \u00d6sterreich","article_modified_time":"2025-08-20T10:48:49+00:00","og_image":[{"width":2560,"height":1707,"url":"https:\/\/kvo.at\/wp-content\/uploads\/2025\/06\/zeitlinger-reportage-8-scaled.jpg","type":"image\/jpeg"}],"twitter_card":"summary_large_image","twitter_misc":{"Gesch\u00e4tzte Lesezeit":"2 Minuten"},"schema":{"@context":"https:\/\/schema.org","@graph":[{"@type":"WebPage","@id":"https:\/\/kvo.at\/index.php\/mitglieder\/salzburg\/","url":"https:\/\/kvo.at\/index.php\/mitglieder\/salzburg\/","name":"Salzburg - Klaviermacherverband \u00d6sterreich","isPartOf":{"@id":"https:\/\/kvo.at\/#website"},"primaryImageOfPage":{"@id":"https:\/\/kvo.at\/index.php\/mitglieder\/salzburg\/#primaryimage"},"image":{"@id":"https:\/\/kvo.at\/index.php\/mitglieder\/salzburg\/#primaryimage"},"thumbnailUrl":"https:\/\/kvo.at\/wp-content\/uploads\/2025\/06\/zeitlinger-reportage-8-scaled.jpg","datePublished":"2025-05-14T11:03:28+00:00","dateModified":"2025-08-20T10:48:49+00:00","description":"In Salzburg pr\u00e4gen erfahrene Klavierstimmer, traditionsreiche Klavierh\u00e4user und langj\u00e4hrige Klaviermachermeister die lokale Klavierbaukultur.","breadcrumb":{"@id":"https:\/\/kvo.at\/index.php\/mitglieder\/salzburg\/#breadcrumb"},"inLanguage":"de-AT","potentialAction":[{"@type":"ReadAction","target":["https:\/\/kvo.at\/index.php\/mitglieder\/salzburg\/"]}]},{"@type":"ImageObject","inLanguage":"de-AT","@id":"https:\/\/kvo.at\/index.php\/mitglieder\/salzburg\/#primaryimage","url":"https:\/\/kvo.at\/wp-content\/uploads\/2025\/06\/zeitlinger-reportage-8-scaled.jpg","contentUrl":"https:\/\/kvo.at\/wp-content\/uploads\/2025\/06\/zeitlinger-reportage-8-scaled.jpg","width":2560,"height":1707,"caption":"Reportage in einer Werkst\u00e4tte eines Klavierbauers"},{"@type":"BreadcrumbList","@id":"https:\/\/kvo.at\/index.php\/mitglieder\/salzburg\/#breadcrumb","itemListElement":[{"@type":"ListItem","position":1,"name":"Startseite","item":"https:\/\/kvo.at\/"},{"@type":"ListItem","position":2,"name":"Mitglieder","item":"https:\/\/kvo.at\/index.php\/mitglieder\/"},{"@type":"ListItem","position":3,"name":"Salzburg"}]},{"@type":"WebSite","@id":"https:\/\/kvo.at\/#website","url":"https:\/\/kvo.at\/","name":"Klaviermacherverband \u00d6sterreich","description":"","publisher":{"@id":"https:\/\/kvo.at\/#organization"},"potentialAction":[{"@type":"SearchAction","target":{"@type":"EntryPoint","urlTemplate":"https:\/\/kvo.at\/?s={search_term_string}"},"query-input":{"@type":"PropertyValueSpecification","valueRequired":true,"valueName":"search_term_string"}}],"inLanguage":"de-AT"},{"@type":"Organization","@id":"https:\/\/kvo.at\/#organization","name":"Klaviermacherverband \u00d6sterreich","url":"https:\/\/kvo.at\/","logo":{"@type":"ImageObject","inLanguage":"de-AT","@id":"https:\/\/kvo.at\/#\/schema\/logo\/image\/","url":"https:\/\/kvo.at\/wp-content\/uploads\/2025\/04\/cropped-KVO-logo-scaled-1.png","contentUrl":"https:\/\/kvo.at\/wp-content\/uploads\/2025\/04\/cropped-KVO-logo-scaled-1.png","width":2559,"height":1587,"caption":"Klaviermacherverband \u00d6sterreich"},"image":{"@id":"https:\/\/kvo.at\/#\/schema\/logo\/image\/"}}]}},"_links":{"self":[{"href":"https:\/\/kvo.at\/index.php\/wp-json\/wp\/v2\/pages\/224","targetHints":{"allow":["GET"]}}],"collection":[{"href":"https:\/\/kvo.at\/index.php\/wp-json\/wp\/v2\/pages"}],"about":[{"href":"https:\/\/kvo.at\/index.php\/wp-json\/wp\/v2\/types\/page"}],"author":[{"embeddable":true,"href":"https:\/\/kvo.at\/index.php\/wp-json\/wp\/v2\/users\/3"}],"replies":[{"embeddable":true,"href":"https:\/\/kvo.at\/index.php\/wp-json\/wp\/v2\/comments?post=224"}],"version-history":[{"count":96,"href":"https:\/\/kvo.at\/index.php\/wp-json\/wp\/v2\/pages\/224\/revisions"}],"predecessor-version":[{"id":757,"href":"https:\/\/kvo.at\/index.php\/wp-json\/wp\/v2\/pages\/224\/revisions\/757"}],"up":[{"embeddable":true,"href":"https:\/\/kvo.at\/index.php\/wp-json\/wp\/v2\/pages\/28"}],"wp:featuredmedia":[{"embeddable":true,"href":"https:\/\/kvo.at\/index.php\/wp-json\/wp\/v2\/media\/689"}],"wp:attachment":[{"href":"https:\/\/kvo.at\/index.php\/wp-json\/wp\/v2\/media?parent=224"}],"curies":[{"name":"wp","href":"https:\/\/api.w.org\/{rel}","templated":true}]}}